{"id":2061,"date":"2025-09-30T15:46:35","date_gmt":"2025-09-30T13:46:35","guid":{"rendered":"https:\/\/www.fermitreviso.com\/leg-100-pneumatischer-stabilisator\/"},"modified":"2025-11-20T12:51:37","modified_gmt":"2025-11-20T11:51:37","slug":"leg-100-pneumatischer-stabilisatoren","status":"publish","type":"page","link":"https:\/\/www.fermitreviso.com\/de\/leg-100-pneumatischer-stabilisatoren\/","title":{"rendered":"LEG 100 &#8211; Pneumatischer Stabilisatoren"},"content":{"rendered":"\n<style type=\"text\/css\" data-created_by=\"avia_inline_auto\" id=\"style-css-av-vra1k-8cde742fcafa66d0330d06ad2814d7a1\">\n#top .av-special-heading.av-vra1k-8cde742fcafa66d0330d06ad2814d7a1{\nmargin:0 0 0 0;\npadding-bottom:10px;\n}\nbody .av-special-heading.av-vra1k-8cde742fcafa66d0330d06ad2814d7a1 .av-special-heading-tag .heading-char{\nfont-size:25px;\n}\n#top #wrap_all .av-special-heading.av-vra1k-8cde742fcafa66d0330d06ad2814d7a1 .av-special-heading-tag{\npadding:0 0 0 0;\n}\n.av-special-heading.av-vra1k-8cde742fcafa66d0330d06ad2814d7a1 .av-subheading{\nfont-size:15px;\n}\n<\/style>\n<div  class='av-special-heading av-vra1k-8cde742fcafa66d0330d06ad2814d7a1 av-special-heading-h2 blockquote modern-quote  avia-builder-el-0  el_before_av_section  avia-builder-el-no-sibling  highlighted'><h2 class='av-special-heading-tag '  itemprop=\"headline\"  >LEG 100 &#8211; Pneumatische Stabilisatoren<\/h2><div class=\"special-heading-border\"><div class=\"special-heading-inner-border\"><\/div><\/div><\/div>\n<\/div><\/div><\/div><!-- close content main div --><\/div><\/div><div id='av_section_1'  class='avia-section av-qet8u-e5e4e1cb9e5f6fef4c383f16f6c930b9 main_color avia-section-no-padding avia-no-border-styling  avia-builder-el-1  el_after_av_heading  el_before_av_section  avia-bg-style-scroll container_wrap fullsize'  ><div class='container av-section-cont-open' ><div class='template-page content  av-content-full alpha units'><div class='post-entry post-entry-type-page post-entry-2061'><div class='entry-content-wrapper clearfix'>\n\n<style type=\"text\/css\" data-created_by=\"avia_inline_auto\" id=\"style-css-av-9wkhy-53-9eae9842a622e0c1467a87f8adb3f069\">\n#top .flex_column.av-9wkhy-53-9eae9842a622e0c1467a87f8adb3f069{\nmargin-top:0px;\nmargin-bottom:70px;\n}\n.flex_column.av-9wkhy-53-9eae9842a622e0c1467a87f8adb3f069{\nborder-radius:3px 3px 3px 3px;\npadding:40px 40px 40px 40px;\n}\n.responsive #top #wrap_all .flex_column.av-9wkhy-53-9eae9842a622e0c1467a87f8adb3f069{\nmargin-top:0px;\nmargin-bottom:70px;\n}\n<\/style>\n<div  class='flex_column av-9wkhy-53-9eae9842a622e0c1467a87f8adb3f069 av_one_third  avia-builder-el-2  el_before_av_two_third  avia-builder-el-first  first flex_column_div av-animated-generic left-to-right  '     ><p><div  class='avia-slideshow av-mg58oynh-a47ada4ab2eee4bd9a9cea09e802c526 avia-slideshow-masonry av_slideshow avia-slide-slider  avia-builder-el-3  el_before_av_hr  avia-builder-el-first  av-slideshow-ui av-control-default av-nav-arrows-visible av-nav-dots-visible av-slideshow-autoplay av-loop-endless av-loop-manual-endless av-default-height-applied avia-slideshow-1' data-slideshow-options=\"{&quot;animation&quot;:&quot;slide&quot;,&quot;autoplay&quot;:true,&quot;loop_autoplay&quot;:&quot;endless&quot;,&quot;interval&quot;:5,&quot;loop_manual&quot;:&quot;manual-endless&quot;,&quot;autoplay_stopper&quot;:false,&quot;noNavigation&quot;:false,&quot;bg_slider&quot;:false,&quot;keep_padding&quot;:false,&quot;hoverpause&quot;:false,&quot;show_slide_delay&quot;:0}\"  itemprop=\"image\" itemscope=\"itemscope\" itemtype=\"https:\/\/schema.org\/ImageObject\" ><ul class='avia-slideshow-inner ' style='padding-bottom: 89.166666666667%;'><li  class='avia-slideshow-slide av-mg58oynh-a47ada4ab2eee4bd9a9cea09e802c526__0  slide-1 slide-odd'><div data-rel='slideshow-1' class='avia-slide-wrap '   ><img decoding=\"async\" fetchpriority=\"high\" class=\"wp-image-2062 avia-img-lazy-loading-not-2062\"  src=\"https:\/\/www.fermitreviso.com\/wp-content\/uploads\/2025\/10\/stabilizzatori-leg-1-B.jpg\" width=\"600\" height=\"535\" title='Stabilisatoren-Bein-1 B' alt=''  itemprop=\"thumbnailUrl\" srcset=\"https:\/\/www.fermitreviso.com\/wp-content\/uploads\/2025\/10\/stabilizzatori-leg-1-B.jpg 600w, https:\/\/www.fermitreviso.com\/wp-content\/uploads\/2025\/10\/stabilizzatori-leg-1-B-300x268.jpg 300w\" sizes=\"(max-width: 600px) 100vw, 600px\" \/><\/div><\/li><li  class='avia-slideshow-slide av-mg58oynh-a47ada4ab2eee4bd9a9cea09e802c526__1  slide-2 slide-even'><div data-rel='slideshow-1' class='avia-slide-wrap '   ><img decoding=\"async\" fetchpriority=\"high\" class=\"wp-image-2063 avia-img-lazy-loading-not-2063\"  src=\"https:\/\/www.fermitreviso.com\/wp-content\/uploads\/2025\/10\/stabilizzatori-leg-1-A.jpg\" width=\"600\" height=\"535\" title='Stabilisatoren-Bein-1 A' alt=''  itemprop=\"thumbnailUrl\" srcset=\"https:\/\/www.fermitreviso.com\/wp-content\/uploads\/2025\/10\/stabilizzatori-leg-1-A.jpg 600w, https:\/\/www.fermitreviso.com\/wp-content\/uploads\/2025\/10\/stabilizzatori-leg-1-A-300x268.jpg 300w\" sizes=\"(max-width: 600px) 100vw, 600px\" \/><\/div><\/li><li  class='avia-slideshow-slide av-mg58oynh-a47ada4ab2eee4bd9a9cea09e802c526__2  slide-3 slide-odd'><div data-rel='slideshow-1' class='avia-slide-wrap '   ><img decoding=\"async\" fetchpriority=\"high\" class=\"wp-image-2024 avia-img-lazy-loading-not-2024\"  src=\"https:\/\/www.fermitreviso.com\/wp-content\/uploads\/2025\/09\/stabilizzatori-leg-1.jpg\" width=\"600\" height=\"535\" title='Stabilisator-Bein' alt=''  itemprop=\"thumbnailUrl\" srcset=\"https:\/\/www.fermitreviso.com\/wp-content\/uploads\/2025\/09\/stabilizzatori-leg-1.jpg 600w, https:\/\/www.fermitreviso.com\/wp-content\/uploads\/2025\/09\/stabilizzatori-leg-1-300x268.jpg 300w\" sizes=\"(max-width: 600px) 100vw, 600px\" \/><\/div><\/li><\/ul><div class='avia-slideshow-arrows avia-slideshow-controls' ><a href='#prev' class='prev-slide  avia-svg-icon avia-font-svg_entypo-fontello' data-av_svg_icon='left-open-big' data-av_iconset='svg_entypo-fontello' tabindex='-1' title=\"Zur\u00fcck\"><svg version=\"1.1\" xmlns=\"http:\/\/www.w3.org\/2000\/svg\" width=\"15\" height=\"32\" viewBox=\"0 0 15 32\" preserveAspectRatio=\"xMidYMid meet\" aria-labelledby='av-svg-title-1' aria-describedby='av-svg-desc-1' role=\"graphics-symbol\" aria-hidden=\"true\">\n<title id='av-svg-title-1'>Zur\u00fcck<\/title>\n<desc id='av-svg-desc-1'>Zur\u00fcck<\/desc>\n<path d=\"M14.464 27.84q0.832 0.832 0 1.536-0.832 0.832-1.536 0l-12.544-12.608q-0.768-0.768 0-1.6l12.544-12.608q0.704-0.832 1.536 0 0.832 0.704 0 1.536l-11.456 11.904z\"><\/path>\n<\/svg><span class='avia_hidden_link_text'>Zur\u00fcck<\/span><\/a><a href='#next' class='next-slide  avia-svg-icon avia-font-svg_entypo-fontello' data-av_svg_icon='right-open-big' data-av_iconset='svg_entypo-fontello' tabindex='-1' title=\"Weiter\"><svg version=\"1.1\" xmlns=\"http:\/\/www.w3.org\/2000\/svg\" width=\"15\" height=\"32\" viewBox=\"0 0 15 32\" preserveAspectRatio=\"xMidYMid meet\" aria-labelledby='av-svg-title-2' aria-describedby='av-svg-desc-2' role=\"graphics-symbol\" aria-hidden=\"true\">\n<title id='av-svg-title-2'>Weiter<\/title>\n<desc id='av-svg-desc-2'>Weiter<\/desc>\n<path d=\"M0.416 27.84l11.456-11.84-11.456-11.904q-0.832-0.832 0-1.536 0.832-0.832 1.536 0l12.544 12.608q0.768 0.832 0 1.6l-12.544 12.608q-0.704 0.832-1.536 0-0.832-0.704 0-1.536z\"><\/path>\n<\/svg><span class='avia_hidden_link_text'>Weiter<\/span><\/a><\/div><div class='avia-slideshow-dots avia-slideshow-controls'><a href='#1' class='goto-slide active' >1<\/a><a href='#2' class='goto-slide ' >2<\/a><a href='#3' class='goto-slide ' >3<\/a><\/div><\/div><br \/>\n<div  class='hr av-2ahywi-741594adc6edc320d115965caf2fe80b hr-default  avia-builder-el-4  el_after_av_slideshow  el_before_av_buttonrow '><span class='hr-inner '><span class=\"hr-inner-style\"><\/span><\/span><\/div><br \/>\n<div  class='avia-buttonrow-wrap av-mg59z313-54818226c0be983b4d68e64ff1110f88 avia-buttonrow-center  avia-builder-el-5  el_after_av_hr  avia-builder-el-last '>\n\n<style type=\"text\/css\" data-created_by=\"avia_inline_auto\" id=\"style-css-av-mg59ys1q-87daaf034b18c8a0bf0a2dbee61bba9a\">\n#top #wrap_all .avia-button.av-mg59ys1q-87daaf034b18c8a0bf0a2dbee61bba9a{\nmargin-bottom:5px;\nmargin-right:3px;\nmargin-left:3px;\n}\n<\/style>\n<a href='https:\/\/www.fermitreviso.com\/de\/handbuch-datenblatt-anfordern\/?prodotto=LEG100'  class='avia-button av-mg59ys1q-87daaf034b18c8a0bf0a2dbee61bba9a avia-icon_select-no avia-size-small avia-color-theme-color'  target=\"_blank\"  rel=\"noopener noreferrer\"  aria-label=\"TECHNISCHES DATENBLATT\"><span class='avia_iconbox_title' >TECHNISCHES DATENBLATT<\/span><\/a>\n\n<style type=\"text\/css\" data-created_by=\"avia_inline_auto\" id=\"style-css-av-mg59yy1o-062f48206a8a0b4f842eaabc3fbfc5f1\">\n#top #wrap_all .avia-button.av-mg59yy1o-062f48206a8a0b4f842eaabc3fbfc5f1{\nmargin-bottom:5px;\nmargin-right:3px;\nmargin-left:3px;\n}\n<\/style>\n<a href='https:\/\/www.fermitreviso.com\/de\/handbuch-datenblatt-anfordern\/?prodotto=LEG100'  class='avia-button av-mg59yy1o-062f48206a8a0b4f842eaabc3fbfc5f1 avia-icon_select-no avia-size-small avia-color-theme-color'  target=\"_blank\"  rel=\"noopener noreferrer\"  aria-label=\"BENUTZERHANDBUCH\"><span class='avia_iconbox_title' >BENUTZERHANDBUCH<\/span><\/a>\n<\/div><\/p><\/div>\n<style type=\"text\/css\" data-created_by=\"avia_inline_auto\" id=\"style-css-av-9wkhy-50-f016dea02941a551ddcd063efde90c6a\">\n#top .flex_column.av-9wkhy-50-f016dea02941a551ddcd063efde90c6a{\nmargin-top:0px;\nmargin-bottom:70px;\n}\n.flex_column.av-9wkhy-50-f016dea02941a551ddcd063efde90c6a{\nborder-radius:3px 3px 3px 3px;\npadding:40px 40px 0 40px;\nbackground-color:#f7f7f7;\n}\n.responsive #top #wrap_all .flex_column.av-9wkhy-50-f016dea02941a551ddcd063efde90c6a{\nmargin-top:0px;\nmargin-bottom:70px;\n}\n<\/style>\n<div  class='flex_column av-9wkhy-50-f016dea02941a551ddcd063efde90c6a av_two_third  avia-builder-el-6  el_after_av_one_third  avia-builder-el-last  flex_column_div av-animated-generic left-to-right  '     ><p>\n<style type=\"text\/css\" data-created_by=\"avia_inline_auto\" id=\"style-css-av-mg5a7q5l-3f0bbf425e77257ca9c30c41f54d162e\">\n#top .av-special-heading.av-mg5a7q5l-3f0bbf425e77257ca9c30c41f54d162e{\npadding-bottom:10px;\n}\nbody .av-special-heading.av-mg5a7q5l-3f0bbf425e77257ca9c30c41f54d162e .av-special-heading-tag .heading-char{\nfont-size:25px;\n}\n.av-special-heading.av-mg5a7q5l-3f0bbf425e77257ca9c30c41f54d162e .av-subheading{\nfont-size:15px;\n}\n<\/style>\n<div  class='av-special-heading av-mg5a7q5l-3f0bbf425e77257ca9c30c41f54d162e av-special-heading-h3 blockquote modern-quote  avia-builder-el-7  el_before_av_textblock  avia-builder-el-first '><h3 class='av-special-heading-tag '  itemprop=\"headline\"  >DETAILS<\/h3><div class=\"special-heading-border\"><div class=\"special-heading-inner-border\"><\/div><\/div><\/div><br \/>\n<section  class='av_textblock_section av-jgrx3l5f-ff414163e41fde878d9a7a9392a91bca '   itemscope=\"itemscope\" itemtype=\"https:\/\/schema.org\/CreativeWork\" ><div class='avia_textblock'  itemprop=\"text\" ><div class=\"page\" title=\"Seite 2\">\n<div class=\"section\">\n<div class=\"layoutArea\">\n<div class=\"column\">\n<p><span style=\"font-weight: 400;\">Die <\/span><b>LEG 100<\/b><span style=\"font-weight: 400;\"> sind pneumatische Stabilisatoren f\u00fcr Sattelauflieger, die sich durch au\u00dfergew\u00f6hnliche Eigenschaften auszeichnen, die sie zur idealen Wahl f\u00fcr h\u00e4ufiges Ankuppeln machen.<\/span><\/p>\n<p><b>Automatik-2-Knopf <\/b><span style=\"font-weight: 400;\">Einfacher und intuitiver Betrieb, der die Benutzung erleichtert.<\/span><\/p>\n<p><b>Robust <\/b><span style=\"font-weight: 400;\">Solide und langlebige Konstruktion, f\u00fcr eine lange Lebensdauer konzipiert.<\/span><\/p>\n<p><b>Sicher<\/b><span style=\"font-weight: 400;\">Sie garantieren Stabilit\u00e4t und Zuverl\u00e4ssigkeit unter allen Einsatzbedingungen.<\/span><\/p>\n<p><b>Schnell <\/b><span style=\"font-weight: 400;\">Reduzierte Andockzeiten, Optimierung der betrieblichen Effizienz.<\/span><\/p>\n<p><b>Ideal f\u00fcr Vielnutzer<\/b><span style=\"font-weight: 400;\">Entwickelt f\u00fcr diejenigen, die h\u00e4ufig und unkompliziert auftreten m\u00fcssen.<\/span><\/p>\n<p><b>Erforderlicher Druck: 6 bar<\/b>,<span style=\"font-weight: 400;\"> Kompatibel mit Standardsystemen, einfach zu integrieren.<\/span><\/p>\n<\/div>\n<\/div>\n<\/div>\n<\/div>\n<\/div><\/section><br \/>\n\n<style type=\"text\/css\" data-created_by=\"avia_inline_auto\" id=\"style-css-av-mg5a87q7-c5271da76015ada2a9089803895d9a32\">\n.avia-image-container.av-mg5a87q7-c5271da76015ada2a9089803895d9a32 img.avia_image{\nbox-shadow:none;\n}\n.avia-image-container.av-mg5a87q7-c5271da76015ada2a9089803895d9a32 .av-image-caption-overlay-center{\ncolor:#ffffff;\n}\n<\/style>\n<div  class='avia-image-container av-mg5a87q7-c5271da76015ada2a9089803895d9a32 av-styling- avia-align-center  avia-builder-el-9  el_after_av_textblock  el_before_av_textblock '   itemprop=\"image\" itemscope=\"itemscope\" itemtype=\"https:\/\/schema.org\/ImageObject\" ><div class=\"avia-image-container-inner\"><div class=\"avia-image-overlay-wrap\"><img decoding=\"async\" fetchpriority=\"high\" class='wp-image-2051 avia-img-lazy-loading-not-2051 avia_image ' src=\"https:\/\/www.fermitreviso.com\/wp-content\/uploads\/2025\/09\/leg90-1030x360.png\" alt='' title='leg90'  height=\"360\" width=\"1030\"  itemprop=\"thumbnailUrl\" srcset=\"https:\/\/www.fermitreviso.com\/wp-content\/uploads\/2025\/09\/leg90-1030x360.png 1030w, https:\/\/www.fermitreviso.com\/wp-content\/uploads\/2025\/09\/leg90-300x105.png 300w, https:\/\/www.fermitreviso.com\/wp-content\/uploads\/2025\/09\/leg90-768x268.png 768w, https:\/\/www.fermitreviso.com\/wp-content\/uploads\/2025\/09\/leg90-1536x536.png 1536w, https:\/\/www.fermitreviso.com\/wp-content\/uploads\/2025\/09\/leg90-2048x715.png 2048w, https:\/\/www.fermitreviso.com\/wp-content\/uploads\/2025\/09\/leg90-1500x524.png 1500w, https:\/\/www.fermitreviso.com\/wp-content\/uploads\/2025\/09\/leg90-705x246.png 705w, https:\/\/www.fermitreviso.com\/wp-content\/uploads\/2025\/09\/leg90-1210x423.png 1210w\" sizes=\"(max-width: 1030px) 100vw, 1030px\" \/><\/div><\/div><\/div><br \/>\n<section  class='av_textblock_section av-mgko44iz-835c8f300500f1139735103b654bbea5 '   itemscope=\"itemscope\" itemtype=\"https:\/\/schema.org\/CreativeWork\" ><div class='av-desktop-hide av-medium-hide av-small-hide av-mini-hide avia_textblock'  itemprop=\"text\" ><blockquote>\n<p><span style=\"font-weight: 400;\">LEG 100 ist ein <\/span><b>Produkt <\/b><b>CE-gekennzeichnet<\/b><span style=\"font-weight: 400;\">konform mit den Richtlinien <\/span><b>2006\/42\/EG<\/b><span style=\"font-weight: 400;\">und genie\u00dft <\/span><span style=\"font-weight: 400;\">von <\/span><b>2 Jahre Garantie<\/b><span style=\"font-weight: 400;\">was f\u00fcr seine Qualit\u00e4t und Zuverl\u00e4ssigkeit spricht.<\/span><\/p>\n<\/blockquote>\n<\/div><\/section><br \/>\n\n<style type=\"text\/css\" data-created_by=\"avia_inline_auto\" id=\"style-css-av-7ij4a-17a5ccc25cda9b9509ff1a6a5702ac6b\">\n#top .av-special-heading.av-7ij4a-17a5ccc25cda9b9509ff1a6a5702ac6b{\npadding-bottom:10px;\n}\nbody .av-special-heading.av-7ij4a-17a5ccc25cda9b9509ff1a6a5702ac6b .av-special-heading-tag .heading-char{\nfont-size:25px;\n}\n.av-special-heading.av-7ij4a-17a5ccc25cda9b9509ff1a6a5702ac6b .av-subheading{\nfont-size:15px;\n}\n<\/style>\n<div  class='av-special-heading av-7ij4a-17a5ccc25cda9b9509ff1a6a5702ac6b av-special-heading-h3 blockquote modern-quote  avia-builder-el-11  el_after_av_textblock  el_before_av_table '><h3 class='av-special-heading-tag '  itemprop=\"headline\"  >TECHNISCHES DATENBLATT<\/h3><div class=\"special-heading-border\"><div class=\"special-heading-inner-border\"><\/div><\/div><\/div><br \/>\n<div class='avia-data-table-wrap av-1sl7he-7cef552135663fce0e18e575e4cd9ea9 avia_responsive_table avia-table-1'><table  class='avia-table avia-data-table avia_pricing_default  avia-builder-el-12  el_after_av_heading  avia-builder-el-last '  itemscope=\"itemscope\" itemtype=\"https:\/\/schema.org\/Table\" ><tbody><tr class=''><td class=''>STATISCHE BELASTUNG<\/td><td class='avia-center-col'>60000 kg \/ Drehmoment<\/td><\/tr><tr class=''><td class=''>GEWICHT<\/td><td class='avia-center-col'>89 kg \/ Paar<\/td><\/tr><tr class=''><td class=''>BETRIEBSDRUCK<\/td><td class='avia-center-col'>6 bar<\/td><\/tr><tr class=''><td class=''>\u00d6FFNUNGSZEIT\/SCHLIESSUNGSZEIT<\/td><td class='avia-center-col'>2 Sekunden<\/td><\/tr><\/tbody><\/table><\/div><\/p><\/div><\/div><\/div><\/div><!-- close content main div --><\/div><\/div>\n<style type=\"text\/css\" data-created_by=\"avia_inline_auto\" id=\"style-css-av-mg58whlk-300dcb8bef2e6634c2d03aa4c7ac7f93\">\n.avia-section.av-mg58whlk-300dcb8bef2e6634c2d03aa4c7ac7f93{\nbackground-color:#e02b20;\nbackground-image:unset;\n}\n<\/style>\n<div id='av_section_2'  class='avia-section av-mg58whlk-300dcb8bef2e6634c2d03aa4c7ac7f93 main_color avia-section-default avia-no-border-styling  avia-builder-el-13  el_after_av_section  avia-builder-el-last  avia-bg-style-scroll container_wrap fullsize'  ><div class='container av-section-cont-open' ><div class='template-page content  av-content-full alpha units'><div class='post-entry post-entry-type-page post-entry-2061'><div class='entry-content-wrapper clearfix'>\n<div id='av-masonry-1' class='av-masonry av-mg590tug-c3ec5dca84438653f917c1182bd84ffd noHover av-fixed-size av-large-gap av-hover-overlay-active av-masonry-animation-active av-masonry-col-4 av-caption-always av-caption-style- av-masonry-gallery ' data-post_id=\"2061\"><div class=\"av-masonry-container isotope av-js-disabled\"><div class='av-masonry-entry isotope-item av-masonry-item-no-image '><\/div><a href=\"https:\/\/www.fermitreviso.com\/wp-content\/uploads\/2025\/09\/leg100-01.jpg\" data-srcset=\"https:\/\/www.fermitreviso.com\/wp-content\/uploads\/2025\/09\/leg100-01.jpg 785w, https:\/\/www.fermitreviso.com\/wp-content\/uploads\/2025\/09\/leg100-01-300x225.jpg 300w, https:\/\/www.fermitreviso.com\/wp-content\/uploads\/2025\/09\/leg100-01-768x576.jpg 768w, https:\/\/www.fermitreviso.com\/wp-content\/uploads\/2025\/09\/leg100-01-705x529.jpg 705w\" data-sizes=\"(max-width: 785px) 100vw, 785px\"  aria-label=\"Bild leg100-01\"  id='av-masonry-1-item-2064' data-av-masonry-item='2064' class='av-masonry-entry isotope-item post-2064 attachment type-attachment status-inherit hentry  av-masonry-item-with-image' title=\"leg100-01\" alt=\"\"    itemprop=\"thumbnailUrl\" ><div class='av-inner-masonry-sizer'><\/div><figure class='av-inner-masonry main_color'><div class=\"av-masonry-outerimage-container\"><div class='av-masonry-image-container' style=\"background-image: url(https:\/\/www.fermitreviso.com\/wp-content\/uploads\/2025\/09\/leg100-01-705x529.jpg);\"  title=\"leg100-01\" ><\/div><\/div><\/figure><\/a><!--end av-masonry entry--><a href=\"https:\/\/www.fermitreviso.com\/wp-content\/uploads\/2025\/09\/leg100-02.jpg\" data-srcset=\"https:\/\/www.fermitreviso.com\/wp-content\/uploads\/2025\/09\/leg100-02.jpg 795w, https:\/\/www.fermitreviso.com\/wp-content\/uploads\/2025\/09\/leg100-02-300x222.jpg 300w, https:\/\/www.fermitreviso.com\/wp-content\/uploads\/2025\/09\/leg100-02-768x569.jpg 768w, https:\/\/www.fermitreviso.com\/wp-content\/uploads\/2025\/09\/leg100-02-705x522.jpg 705w\" data-sizes=\"(max-width: 795px) 100vw, 795px\"  aria-label=\"Bild leg100-02\"  id='av-masonry-1-item-2066' data-av-masonry-item='2066' class='av-masonry-entry isotope-item post-2066 attachment type-attachment status-inherit hentry  av-masonry-item-with-image' title=\"leg100-02\" alt=\"\"    itemprop=\"thumbnailUrl\" ><div class='av-inner-masonry-sizer'><\/div><figure class='av-inner-masonry main_color'><div class=\"av-masonry-outerimage-container\"><div class='av-masonry-image-container' style=\"background-image: url(https:\/\/www.fermitreviso.com\/wp-content\/uploads\/2025\/09\/leg100-02-705x522.jpg);\"  title=\"leg100-02\" ><\/div><\/div><\/figure><\/a><!--end av-masonry entry--><a href=\"https:\/\/www.fermitreviso.com\/wp-content\/uploads\/2025\/09\/leg100-03.jpg\" data-srcset=\"https:\/\/www.fermitreviso.com\/wp-content\/uploads\/2025\/09\/leg100-03.jpg 431w, https:\/\/www.fermitreviso.com\/wp-content\/uploads\/2025\/09\/leg100-03-293x300.jpg 293w, https:\/\/www.fermitreviso.com\/wp-content\/uploads\/2025\/09\/leg100-03-36x36.jpg 36w\" data-sizes=\"(max-width: 431px) 100vw, 431px\"  aria-label=\"Bild leg100-03\"  id='av-masonry-1-item-2067' data-av-masonry-item='2067' class='av-masonry-entry isotope-item post-2067 attachment type-attachment status-inherit hentry  av-masonry-item-with-image' title=\"leg100-03\" alt=\"\"    itemprop=\"thumbnailUrl\" ><div class='av-inner-masonry-sizer'><\/div><figure class='av-inner-masonry main_color'><div class=\"av-masonry-outerimage-container\"><div class='av-masonry-image-container' style=\"background-image: url(https:\/\/www.fermitreviso.com\/wp-content\/uploads\/2025\/09\/leg100-03.jpg);\"  title=\"leg100-03\" ><\/div><\/div><\/figure><\/a><!--end av-masonry entry--><a href=\"https:\/\/www.fermitreviso.com\/wp-content\/uploads\/2025\/09\/leg100-05.jpg\" data-srcset=\"https:\/\/www.fermitreviso.com\/wp-content\/uploads\/2025\/09\/leg100-05.jpg 563w, https:\/\/www.fermitreviso.com\/wp-content\/uploads\/2025\/09\/leg100-05-300x204.jpg 300w\" data-sizes=\"(max-width: 563px) 100vw, 563px\"  aria-label=\"Bild leg100-05\"  id='av-masonry-1-item-2020' data-av-masonry-item='2020' class='av-masonry-entry isotope-item post-2020 attachment type-attachment status-inherit hentry  av-masonry-item-with-image' title=\"leg100-05\" alt=\"\"    itemprop=\"thumbnailUrl\" ><div class='av-inner-masonry-sizer'><\/div><figure class='av-inner-masonry main_color'><div class=\"av-masonry-outerimage-container\"><div class='av-masonry-image-container' style=\"background-image: url(https:\/\/www.fermitreviso.com\/wp-content\/uploads\/2025\/09\/leg100-05.jpg);\"  title=\"leg100-05\" ><\/div><\/div><\/figure><\/a><!--end av-masonry entry--><a href=\"https:\/\/www.fermitreviso.com\/wp-content\/uploads\/2025\/09\/leg100-04.jpg\" data-srcset=\"https:\/\/www.fermitreviso.com\/wp-content\/uploads\/2025\/09\/leg100-04.jpg 514w, https:\/\/www.fermitreviso.com\/wp-content\/uploads\/2025\/09\/leg100-04-300x224.jpg 300w\" data-sizes=\"(max-width: 514px) 100vw, 514px\"  aria-label=\"Bild leg100-04\"  id='av-masonry-1-item-2068' data-av-masonry-item='2068' class='av-masonry-entry isotope-item post-2068 attachment type-attachment status-inherit hentry  av-masonry-item-with-image' title=\"leg100-04\" alt=\"\"    itemprop=\"thumbnailUrl\" ><div class='av-inner-masonry-sizer'><\/div><figure class='av-inner-masonry main_color'><div class=\"av-masonry-outerimage-container\"><div class='av-masonry-image-container' style=\"background-image: url(https:\/\/www.fermitreviso.com\/wp-content\/uploads\/2025\/09\/leg100-04.jpg);\"  title=\"leg100-04\" ><\/div><\/div><\/figure><\/a><!--end av-masonry entry--><\/div><\/div>\n<\/p>\n","protected":false},"excerpt":{"rendered":"","protected":false},"author":1,"featured_media":2064,"parent":0,"menu_order":0,"comment_status":"closed","ping_status":"closed","template":"","meta":{"footnotes":""},"class_list":["post-2061","page","type-page","status-publish","has-post-thumbnail","hentry"],"_links":{"self":[{"href":"https:\/\/www.fermitreviso.com\/de\/wp-json\/wp\/v2\/pages\/2061","targetHints":{"allow":["GET"]}}],"collection":[{"href":"https:\/\/www.fermitreviso.com\/de\/wp-json\/wp\/v2\/pages"}],"about":[{"href":"https:\/\/www.fermitreviso.com\/de\/wp-json\/wp\/v2\/types\/page"}],"author":[{"embeddable":true,"href":"https:\/\/www.fermitreviso.com\/de\/wp-json\/wp\/v2\/users\/1"}],"replies":[{"embeddable":true,"href":"https:\/\/www.fermitreviso.com\/de\/wp-json\/wp\/v2\/comments?post=2061"}],"version-history":[{"count":9,"href":"https:\/\/www.fermitreviso.com\/de\/wp-json\/wp\/v2\/pages\/2061\/revisions"}],"predecessor-version":[{"id":2277,"href":"https:\/\/www.fermitreviso.com\/de\/wp-json\/wp\/v2\/pages\/2061\/revisions\/2277"}],"wp:featuredmedia":[{"embeddable":true,"href":"https:\/\/www.fermitreviso.com\/de\/wp-json\/wp\/v2\/media\/2064"}],"wp:attachment":[{"href":"https:\/\/www.fermitreviso.com\/de\/wp-json\/wp\/v2\/media?parent=2061"}],"curies":[{"name":"wp","href":"https:\/\/api.w.org\/{rel}","templated":true}]}}