{"id":2050,"date":"2025-09-30T15:39:54","date_gmt":"2025-09-30T13:39:54","guid":{"rendered":"https:\/\/www.fermitreviso.com\/leg-90-manueller-stabilisator\/"},"modified":"2025-11-20T12:51:29","modified_gmt":"2025-11-20T11:51:29","slug":"leg-90-manueller-stabilisatoren","status":"publish","type":"page","link":"https:\/\/www.fermitreviso.com\/de\/leg-90-manueller-stabilisatoren\/","title":{"rendered":"LEG 90 &#8211; Manuelle Stabilisatoren"},"content":{"rendered":"\n<style type=\"text\/css\" data-created_by=\"avia_inline_auto\" id=\"style-css-av-vra1k-26abab5efecb103c2918df07471d6d28\">\n#top .av-special-heading.av-vra1k-26abab5efecb103c2918df07471d6d28{\nmargin:0 0 0 0;\npadding-bottom:10px;\n}\nbody .av-special-heading.av-vra1k-26abab5efecb103c2918df07471d6d28 .av-special-heading-tag .heading-char{\nfont-size:25px;\n}\n#top #wrap_all .av-special-heading.av-vra1k-26abab5efecb103c2918df07471d6d28 .av-special-heading-tag{\npadding:0 0 0 0;\n}\n.av-special-heading.av-vra1k-26abab5efecb103c2918df07471d6d28 .av-subheading{\nfont-size:15px;\n}\n<\/style>\n<div  class='av-special-heading av-vra1k-26abab5efecb103c2918df07471d6d28 av-special-heading-h2 blockquote modern-quote  avia-builder-el-0  el_before_av_section  avia-builder-el-no-sibling  highlighted'><h2 class='av-special-heading-tag '  itemprop=\"headline\"  >LEG 90 &#8211; Manueller Stabilisatoren<\/h2><div class=\"special-heading-border\"><div class=\"special-heading-inner-border\"><\/div><\/div><\/div>\n<\/div><\/div><\/div><!-- close content main div --><\/div><\/div><div id='av_section_1'  class='avia-section av-qet8u-e5e4e1cb9e5f6fef4c383f16f6c930b9 main_color avia-section-no-padding avia-no-border-styling  avia-builder-el-1  el_after_av_heading  el_before_av_section  avia-bg-style-scroll container_wrap fullsize'  ><div class='container av-section-cont-open' ><div class='template-page content  av-content-full alpha units'><div class='post-entry post-entry-type-page post-entry-2050'><div class='entry-content-wrapper clearfix'>\n\n<style type=\"text\/css\" data-created_by=\"avia_inline_auto\" id=\"style-css-av-9wkhy-53-9eae9842a622e0c1467a87f8adb3f069\">\n#top .flex_column.av-9wkhy-53-9eae9842a622e0c1467a87f8adb3f069{\nmargin-top:0px;\nmargin-bottom:70px;\n}\n.flex_column.av-9wkhy-53-9eae9842a622e0c1467a87f8adb3f069{\nborder-radius:3px 3px 3px 3px;\npadding:40px 40px 40px 40px;\n}\n.responsive #top #wrap_all .flex_column.av-9wkhy-53-9eae9842a622e0c1467a87f8adb3f069{\nmargin-top:0px;\nmargin-bottom:70px;\n}\n<\/style>\n<div  class='flex_column av-9wkhy-53-9eae9842a622e0c1467a87f8adb3f069 av_one_third  avia-builder-el-2  el_before_av_two_third  avia-builder-el-first  first flex_column_div av-animated-generic left-to-right  '     ><p><div  class='avia-slideshow av-mg58oynh-a47ada4ab2eee4bd9a9cea09e802c526 avia-slideshow-masonry av_slideshow avia-slide-slider  avia-builder-el-3  el_before_av_hr  avia-builder-el-first  av-slideshow-ui av-control-default av-nav-arrows-visible av-nav-dots-visible av-slideshow-autoplay av-loop-endless av-loop-manual-endless av-default-height-applied avia-slideshow-1' data-slideshow-options=\"{&quot;animation&quot;:&quot;slide&quot;,&quot;autoplay&quot;:true,&quot;loop_autoplay&quot;:&quot;endless&quot;,&quot;interval&quot;:5,&quot;loop_manual&quot;:&quot;manual-endless&quot;,&quot;autoplay_stopper&quot;:false,&quot;noNavigation&quot;:false,&quot;bg_slider&quot;:false,&quot;keep_padding&quot;:false,&quot;hoverpause&quot;:false,&quot;show_slide_delay&quot;:0}\"  itemprop=\"image\" itemscope=\"itemscope\" itemtype=\"https:\/\/schema.org\/ImageObject\" ><ul class='avia-slideshow-inner ' style='padding-bottom: 75.035460992908%;'><li  class='avia-slideshow-slide av-mg58oynh-a47ada4ab2eee4bd9a9cea09e802c526__0  slide-1 slide-odd'><div data-rel='slideshow-1' class='avia-slide-wrap '   ><img decoding=\"async\" fetchpriority=\"high\" class=\"wp-image-2044 avia-img-lazy-loading-not-2044\"  src=\"https:\/\/www.fermitreviso.com\/wp-content\/uploads\/2025\/09\/LEG90-4-705x529.jpg\" width=\"705\" height=\"529\" title='LEG90-4' alt=''  itemprop=\"thumbnailUrl\" srcset=\"https:\/\/www.fermitreviso.com\/wp-content\/uploads\/2025\/09\/LEG90-4-705x529.jpg 705w, https:\/\/www.fermitreviso.com\/wp-content\/uploads\/2025\/09\/LEG90-4-300x225.jpg 300w, https:\/\/www.fermitreviso.com\/wp-content\/uploads\/2025\/09\/LEG90-4-1030x773.jpg 1030w, https:\/\/www.fermitreviso.com\/wp-content\/uploads\/2025\/09\/LEG90-4-768x576.jpg 768w, https:\/\/www.fermitreviso.com\/wp-content\/uploads\/2025\/09\/LEG90-4-1536x1152.jpg 1536w, https:\/\/www.fermitreviso.com\/wp-content\/uploads\/2025\/09\/LEG90-4-2048x1536.jpg 2048w, https:\/\/www.fermitreviso.com\/wp-content\/uploads\/2025\/09\/LEG90-4-1500x1125.jpg 1500w\" sizes=\"(max-width: 705px) 100vw, 705px\" \/><\/div><\/li><li  class='avia-slideshow-slide av-mg58oynh-a47ada4ab2eee4bd9a9cea09e802c526__1  slide-2 slide-even'><div data-rel='slideshow-1' class='avia-slide-wrap '   ><img decoding=\"async\" fetchpriority=\"high\" class=\"wp-image-2055 avia-img-lazy-loading-not-2055\"  src=\"https:\/\/www.fermitreviso.com\/wp-content\/uploads\/2025\/10\/LEG90-1-420x316-1.jpeg\" width=\"420\" height=\"316\" title='LEG90-1-420x316' alt=''  itemprop=\"thumbnailUrl\" srcset=\"https:\/\/www.fermitreviso.com\/wp-content\/uploads\/2025\/10\/LEG90-1-420x316-1.jpeg 420w, https:\/\/www.fermitreviso.com\/wp-content\/uploads\/2025\/10\/LEG90-1-420x316-1-300x226.jpeg 300w\" sizes=\"(max-width: 420px) 100vw, 420px\" \/><\/div><\/li><li  class='avia-slideshow-slide av-mg58oynh-a47ada4ab2eee4bd9a9cea09e802c526__2  slide-3 slide-odd'><div data-rel='slideshow-1' class='avia-slide-wrap '   ><img decoding=\"async\" fetchpriority=\"high\" class=\"wp-image-2052 avia-img-lazy-loading-not-2052\"  src=\"https:\/\/www.fermitreviso.com\/wp-content\/uploads\/2025\/09\/LEG90-2-705x529.jpg\" width=\"705\" height=\"529\" title='LEG90-2' alt=''  itemprop=\"thumbnailUrl\" srcset=\"https:\/\/www.fermitreviso.com\/wp-content\/uploads\/2025\/09\/LEG90-2-705x529.jpg 705w, https:\/\/www.fermitreviso.com\/wp-content\/uploads\/2025\/09\/LEG90-2-300x225.jpg 300w, https:\/\/www.fermitreviso.com\/wp-content\/uploads\/2025\/09\/LEG90-2-1030x773.jpg 1030w, https:\/\/www.fermitreviso.com\/wp-content\/uploads\/2025\/09\/LEG90-2-768x576.jpg 768w, https:\/\/www.fermitreviso.com\/wp-content\/uploads\/2025\/09\/LEG90-2.jpg 1280w\" sizes=\"(max-width: 705px) 100vw, 705px\" \/><\/div><\/li><\/ul><div class='avia-slideshow-arrows avia-slideshow-controls' ><a href='#prev' class='prev-slide  avia-svg-icon avia-font-svg_entypo-fontello' data-av_svg_icon='left-open-big' data-av_iconset='svg_entypo-fontello' tabindex='-1' title=\"Zur\u00fcck\"><svg version=\"1.1\" xmlns=\"http:\/\/www.w3.org\/2000\/svg\" width=\"15\" height=\"32\" viewBox=\"0 0 15 32\" preserveAspectRatio=\"xMidYMid meet\" aria-labelledby='av-svg-title-1' aria-describedby='av-svg-desc-1' role=\"graphics-symbol\" aria-hidden=\"true\">\n<title id='av-svg-title-1'>Zur\u00fcck<\/title>\n<desc id='av-svg-desc-1'>Zur\u00fcck<\/desc>\n<path d=\"M14.464 27.84q0.832 0.832 0 1.536-0.832 0.832-1.536 0l-12.544-12.608q-0.768-0.768 0-1.6l12.544-12.608q0.704-0.832 1.536 0 0.832 0.704 0 1.536l-11.456 11.904z\"><\/path>\n<\/svg><span class='avia_hidden_link_text'>Zur\u00fcck<\/span><\/a><a href='#next' class='next-slide  avia-svg-icon avia-font-svg_entypo-fontello' data-av_svg_icon='right-open-big' data-av_iconset='svg_entypo-fontello' tabindex='-1' title=\"Weiter\"><svg version=\"1.1\" xmlns=\"http:\/\/www.w3.org\/2000\/svg\" width=\"15\" height=\"32\" viewBox=\"0 0 15 32\" preserveAspectRatio=\"xMidYMid meet\" aria-labelledby='av-svg-title-2' aria-describedby='av-svg-desc-2' role=\"graphics-symbol\" aria-hidden=\"true\">\n<title id='av-svg-title-2'>Weiter<\/title>\n<desc id='av-svg-desc-2'>Weiter<\/desc>\n<path d=\"M0.416 27.84l11.456-11.84-11.456-11.904q-0.832-0.832 0-1.536 0.832-0.832 1.536 0l12.544 12.608q0.768 0.832 0 1.6l-12.544 12.608q-0.704 0.832-1.536 0-0.832-0.704 0-1.536z\"><\/path>\n<\/svg><span class='avia_hidden_link_text'>Weiter<\/span><\/a><\/div><div class='avia-slideshow-dots avia-slideshow-controls'><a href='#1' class='goto-slide active' >1<\/a><a href='#2' class='goto-slide ' >2<\/a><a href='#3' class='goto-slide ' >3<\/a><\/div><\/div><br \/>\n<div  class='hr av-2ahywi-741594adc6edc320d115965caf2fe80b hr-default  avia-builder-el-4  el_after_av_slideshow  el_before_av_buttonrow '><span class='hr-inner '><span class=\"hr-inner-style\"><\/span><\/span><\/div><br \/>\n<div  class='avia-buttonrow-wrap av-mg59z313-54818226c0be983b4d68e64ff1110f88 avia-buttonrow-center  avia-builder-el-5  el_after_av_hr  avia-builder-el-last '>\n\n<style type=\"text\/css\" data-created_by=\"avia_inline_auto\" id=\"style-css-av-mg59ys1q-17a4842a7389df7c8c20a1b2ed7c4ce5\">\n#top #wrap_all .avia-button.av-mg59ys1q-17a4842a7389df7c8c20a1b2ed7c4ce5{\nmargin-bottom:5px;\nmargin-right:3px;\nmargin-left:3px;\n}\n<\/style>\n<a href='https:\/\/www.fermitreviso.com\/de\/richiedi-manuale-scheda\/?prodotto=LEG90'  class='avia-button av-mg59ys1q-17a4842a7389df7c8c20a1b2ed7c4ce5 avia-icon_select-no avia-size-small avia-color-theme-color'  target=\"_blank\"  rel=\"noopener noreferrer\"  aria-label=\"TECHNISCHES DATENBLATT\"><span class='avia_iconbox_title' >TECHNISCHES DATENBLATT<\/span><\/a>\n\n<style type=\"text\/css\" data-created_by=\"avia_inline_auto\" id=\"style-css-av-mg59yy1o-9cf4b12cd5ec15dde863d8546943bdc0\">\n#top #wrap_all .avia-button.av-mg59yy1o-9cf4b12cd5ec15dde863d8546943bdc0{\nmargin-bottom:5px;\nmargin-right:3px;\nmargin-left:3px;\n}\n<\/style>\n<a href='https:\/\/www.fermitreviso.com\/de\/richiedi-manuale-scheda\/?prodotto=LEG90'  class='avia-button av-mg59yy1o-9cf4b12cd5ec15dde863d8546943bdc0 avia-icon_select-no avia-size-small avia-color-theme-color'  target=\"_blank\"  rel=\"noopener noreferrer\"  aria-label=\"BENUTZERHANDBUCH\"><span class='avia_iconbox_title' >BENUTZERHANDBUCH<\/span><\/a>\n<\/div><\/p><\/div>\n<style type=\"text\/css\" data-created_by=\"avia_inline_auto\" id=\"style-css-av-9wkhy-50-f016dea02941a551ddcd063efde90c6a\">\n#top .flex_column.av-9wkhy-50-f016dea02941a551ddcd063efde90c6a{\nmargin-top:0px;\nmargin-bottom:70px;\n}\n.flex_column.av-9wkhy-50-f016dea02941a551ddcd063efde90c6a{\nborder-radius:3px 3px 3px 3px;\npadding:40px 40px 0 40px;\nbackground-color:#f7f7f7;\n}\n.responsive #top #wrap_all .flex_column.av-9wkhy-50-f016dea02941a551ddcd063efde90c6a{\nmargin-top:0px;\nmargin-bottom:70px;\n}\n<\/style>\n<div  class='flex_column av-9wkhy-50-f016dea02941a551ddcd063efde90c6a av_two_third  avia-builder-el-6  el_after_av_one_third  avia-builder-el-last  flex_column_div av-animated-generic left-to-right  '     ><p>\n<style type=\"text\/css\" data-created_by=\"avia_inline_auto\" id=\"style-css-av-mg5a7q5l-3f0bbf425e77257ca9c30c41f54d162e\">\n#top .av-special-heading.av-mg5a7q5l-3f0bbf425e77257ca9c30c41f54d162e{\npadding-bottom:10px;\n}\nbody .av-special-heading.av-mg5a7q5l-3f0bbf425e77257ca9c30c41f54d162e .av-special-heading-tag .heading-char{\nfont-size:25px;\n}\n.av-special-heading.av-mg5a7q5l-3f0bbf425e77257ca9c30c41f54d162e .av-subheading{\nfont-size:15px;\n}\n<\/style>\n<div  class='av-special-heading av-mg5a7q5l-3f0bbf425e77257ca9c30c41f54d162e av-special-heading-h3 blockquote modern-quote  avia-builder-el-7  el_before_av_textblock  avia-builder-el-first '><h3 class='av-special-heading-tag '  itemprop=\"headline\"  >DETAILS<\/h3><div class=\"special-heading-border\"><div class=\"special-heading-inner-border\"><\/div><\/div><\/div><br \/>\n<section  class='av_textblock_section av-jgrx3l5f-ff414163e41fde878d9a7a9392a91bca '   itemscope=\"itemscope\" itemtype=\"https:\/\/schema.org\/CreativeWork\" ><div class='avia_textblock'  itemprop=\"text\" ><div class=\"page\" title=\"Seite 2\">\n<div class=\"section\">\n<div class=\"layoutArea\">\n<div class=\"column\">\n<p>Die <strong>manuellen Klappstabilisatoren<\/strong> <strong>LEG 90<\/strong> von FERMI S.R.L. sind eine innovative L\u00f6sung f\u00fcr h\u00e4ufiges An- und Abkuppeln und den intermodalen Transport.<\/p>\n<p>Sie <strong>verk\u00fcrzen die Betriebszeit<\/strong> und reduzieren die <strong>k\u00f6rperliche<\/strong> <strong>Anstrengung auf Null<\/strong>, w\u00e4hrend sie die Robustheit traditioneller Teleskoplader beibehalten.<\/p>\n<p>Gebaut, um hohen Belastungen und <strong>intensiven Betriebsbedingungen<\/strong> standzuhalten.<\/p>\n<p class=\"p1\">Ausgestattet mit einem Bodenst\u00fctzfu\u00df und einer Anbauplatte f\u00fcr die Montage auf Stra\u00dfen- und landwirtschaftlichen Sattelanh\u00e4ngern, um Stabilit\u00e4t zu gew\u00e4hrleisten, wenn der Sattelanh\u00e4nger nicht an die Zugmaschine gekoppelt ist.<\/p>\n<blockquote>\n<p><strong>DIE IDEALE L\u00d6SUNG<br \/>\n<\/strong>Sie lassen sich in Sekundenschnelle zusammenklappen und von der Parkposition (aufrecht) in die Fahrposition (kompakt) bringen.<\/p>\n<\/blockquote>\n<p><strong>SOFORTIGE STABILIT\u00c4T<\/strong><br \/>\nSie stabilisieren den Sattelauflieger innerhalb von Sekunden.<\/p>\n<p><strong>BEDIENUNGSFREUNDLICHKEIT UND SICHERHEIT<\/strong><br \/>\nIntuitiver manueller Mechanismus mit speziellen Auszieh-\/Einziehhebeln (Hebel A und B). Keine zus\u00e4tzliche Ausr\u00fcstung oder \u00fcberm\u00e4\u00dfige Kraft erforderlich. Ein interner Stift verriegelt die Bewegung sowohl in der ausgefahrenen als auch in der eingefahrenen Position und verhindert ein versehentliches \u00d6ffnen\/Schlie\u00dfen.  <\/p>\n<p><strong>KOMPATIBEL &#038; VIELSEITIG<\/strong><br \/>\nIdeal f\u00fcr luftgefederte Sattelauflieger als Ersatz f\u00fcr herk\u00f6mmliche Hebeb\u00fchnen. Anpassungsf\u00e4hig an verschiedene Konfigurationen dank der optionalen Teleskopverstellung. <\/p>\n<\/div>\n<\/div>\n<\/div>\n<\/div>\n<\/div><\/section><br \/>\n\n<style type=\"text\/css\" data-created_by=\"avia_inline_auto\" id=\"style-css-av-mg5a87q7-c5271da76015ada2a9089803895d9a32\">\n.avia-image-container.av-mg5a87q7-c5271da76015ada2a9089803895d9a32 img.avia_image{\nbox-shadow:none;\n}\n.avia-image-container.av-mg5a87q7-c5271da76015ada2a9089803895d9a32 .av-image-caption-overlay-center{\ncolor:#ffffff;\n}\n<\/style>\n<div  class='avia-image-container av-mg5a87q7-c5271da76015ada2a9089803895d9a32 av-styling- avia-align-center  avia-builder-el-9  el_after_av_textblock  el_before_av_heading '   itemprop=\"image\" itemscope=\"itemscope\" itemtype=\"https:\/\/schema.org\/ImageObject\" ><div class=\"avia-image-container-inner\"><div class=\"avia-image-overlay-wrap\"><img decoding=\"async\" fetchpriority=\"high\" class='wp-image-2051 avia-img-lazy-loading-not-2051 avia_image ' src=\"https:\/\/www.fermitreviso.com\/wp-content\/uploads\/2025\/09\/leg90-1030x360.png\" alt='' title='leg90'  height=\"360\" width=\"1030\"  itemprop=\"thumbnailUrl\" srcset=\"https:\/\/www.fermitreviso.com\/wp-content\/uploads\/2025\/09\/leg90-1030x360.png 1030w, https:\/\/www.fermitreviso.com\/wp-content\/uploads\/2025\/09\/leg90-300x105.png 300w, https:\/\/www.fermitreviso.com\/wp-content\/uploads\/2025\/09\/leg90-768x268.png 768w, https:\/\/www.fermitreviso.com\/wp-content\/uploads\/2025\/09\/leg90-1536x536.png 1536w, https:\/\/www.fermitreviso.com\/wp-content\/uploads\/2025\/09\/leg90-2048x715.png 2048w, https:\/\/www.fermitreviso.com\/wp-content\/uploads\/2025\/09\/leg90-1500x524.png 1500w, https:\/\/www.fermitreviso.com\/wp-content\/uploads\/2025\/09\/leg90-705x246.png 705w, https:\/\/www.fermitreviso.com\/wp-content\/uploads\/2025\/09\/leg90-1210x423.png 1210w\" sizes=\"(max-width: 1030px) 100vw, 1030px\" \/><\/div><\/div><\/div><br \/>\n\n<style type=\"text\/css\" data-created_by=\"avia_inline_auto\" id=\"style-css-av-7ij4a-17a5ccc25cda9b9509ff1a6a5702ac6b\">\n#top .av-special-heading.av-7ij4a-17a5ccc25cda9b9509ff1a6a5702ac6b{\npadding-bottom:10px;\n}\nbody .av-special-heading.av-7ij4a-17a5ccc25cda9b9509ff1a6a5702ac6b .av-special-heading-tag .heading-char{\nfont-size:25px;\n}\n.av-special-heading.av-7ij4a-17a5ccc25cda9b9509ff1a6a5702ac6b .av-subheading{\nfont-size:15px;\n}\n<\/style>\n<div  class='av-special-heading av-7ij4a-17a5ccc25cda9b9509ff1a6a5702ac6b av-special-heading-h3 blockquote modern-quote  avia-builder-el-10  el_after_av_image  el_before_av_table '><h3 class='av-special-heading-tag '  itemprop=\"headline\"  >TECHNISCHES DATENBLATT<\/h3><div class=\"special-heading-border\"><div class=\"special-heading-inner-border\"><\/div><\/div><\/div><br \/>\n<div class='avia-data-table-wrap av-1sl7he-7cef552135663fce0e18e575e4cd9ea9 avia_responsive_table avia-table-1'><table  class='avia-table avia-data-table avia_pricing_default  avia-builder-el-11  el_after_av_heading  el_before_av_textblock '  itemscope=\"itemscope\" itemtype=\"https:\/\/schema.org\/Table\" ><tbody><tr class=''><td class=''>STATISCHE BELASTUNG<\/td><td class='avia-center-col'>60000 kg \/ Drehmoment<\/td><\/tr><tr class=''><td class=''>GEWICHT<\/td><td class='avia-center-col'>90 kg \/ Paar<\/td><\/tr><tr class=''><td class=''>\u00d6FFNUNGSZEIT\/SCHLIESSUNGSZEIT<\/td><td class='avia-center-col'>3 Sekunden<\/td><\/tr><\/tbody><\/table><\/div><br \/>\n<section  class='av_textblock_section av-mg6m49ma-d2cecfc3b9c740085ddf40f0faa28aa6 '   itemscope=\"itemscope\" itemtype=\"https:\/\/schema.org\/CreativeWork\" ><div class='av-desktop-hide av-medium-hide av-small-hide av-mini-hide avia_textblock'  itemprop=\"text\" ><blockquote>\n<div class=\"page\" title=\"Seite 2\">\n<div class=\"section\">\n<div class=\"layoutArea\">\n<div class=\"column\">\n<p><span style=\"font-weight: 400;\">LEG 90 ist ein <\/span><b>Produkt <\/b><b>CE-gekennzeichnet<\/b><span style=\"font-weight: 400;\">konform mit den Richtlinien <\/span><b>2006\/42\/EG<\/b><span style=\"font-weight: 400;\">und genie\u00dft <\/span><span style=\"font-weight: 400;\">von <\/span><b>2 Jahre Garantie<\/b><span style=\"font-weight: 400;\">was f\u00fcr seine Qualit\u00e4t und Zuverl\u00e4ssigkeit spricht.<\/span><\/p>\n<\/div>\n<\/div>\n<\/div>\n<\/div>\n<\/blockquote>\n<\/div><\/section><\/p><\/div>\n\n<\/div><\/div><\/div><!-- close content main div --><\/div><\/div>\n<style type=\"text\/css\" data-created_by=\"avia_inline_auto\" id=\"style-css-av-mg58whlk-300dcb8bef2e6634c2d03aa4c7ac7f93\">\n.avia-section.av-mg58whlk-300dcb8bef2e6634c2d03aa4c7ac7f93{\nbackground-color:#e02b20;\nbackground-image:unset;\n}\n<\/style>\n<div id='av_section_2'  class='avia-section av-mg58whlk-300dcb8bef2e6634c2d03aa4c7ac7f93 main_color avia-section-default avia-no-border-styling  avia-builder-el-13  el_after_av_section  avia-builder-el-last  avia-bg-style-scroll container_wrap fullsize'  ><div class='container av-section-cont-open' ><div class='template-page content  av-content-full alpha units'><div class='post-entry post-entry-type-page post-entry-2050'><div class='entry-content-wrapper clearfix'>\n<div id='av-masonry-1' class='av-masonry av-mg590tug-b8c4fec45b649f987f2d4cc15612cbd0 noHover av-fixed-size av-large-gap av-hover-overlay-active av-masonry-animation-active av-masonry-col-4 av-caption-always av-caption-style- av-masonry-gallery ' data-post_id=\"2050\"><div class=\"av-masonry-container isotope av-js-disabled\"><div class='av-masonry-entry isotope-item av-masonry-item-no-image '><\/div><a href=\"https:\/\/www.fermitreviso.com\/wp-content\/uploads\/2025\/09\/LEG90-2-1030x773.jpg\" data-srcset=\"https:\/\/www.fermitreviso.com\/wp-content\/uploads\/2025\/09\/LEG90-2-1030x773.jpg 1030w, https:\/\/www.fermitreviso.com\/wp-content\/uploads\/2025\/09\/LEG90-2-300x225.jpg 300w, https:\/\/www.fermitreviso.com\/wp-content\/uploads\/2025\/09\/LEG90-2-768x576.jpg 768w, https:\/\/www.fermitreviso.com\/wp-content\/uploads\/2025\/09\/LEG90-2-705x529.jpg 705w, https:\/\/www.fermitreviso.com\/wp-content\/uploads\/2025\/09\/LEG90-2.jpg 1280w\" data-sizes=\"(max-width: 1030px) 100vw, 1030px\"  aria-label=\"Bild LEG90-2\"  id='av-masonry-1-item-2052' data-av-masonry-item='2052' class='av-masonry-entry isotope-item post-2052 attachment type-attachment status-inherit hentry  av-masonry-item-with-image' title=\"LEG90-2\" alt=\"\"    itemprop=\"thumbnailUrl\" ><div class='av-inner-masonry-sizer'><\/div><figure class='av-inner-masonry main_color'><div class=\"av-masonry-outerimage-container\"><div class='av-masonry-image-container' style=\"background-image: url(https:\/\/www.fermitreviso.com\/wp-content\/uploads\/2025\/09\/LEG90-2-705x529.jpg);\"  title=\"LEG90-2\" ><\/div><\/div><\/figure><\/a><!--end av-masonry entry--><a href=\"https:\/\/www.fermitreviso.com\/wp-content\/uploads\/2025\/09\/LEG90-1-773x1030.jpg\" data-srcset=\"https:\/\/www.fermitreviso.com\/wp-content\/uploads\/2025\/09\/LEG90-1-773x1030.jpg 773w, https:\/\/www.fermitreviso.com\/wp-content\/uploads\/2025\/09\/LEG90-1-225x300.jpg 225w, https:\/\/www.fermitreviso.com\/wp-content\/uploads\/2025\/09\/LEG90-1-768x1024.jpg 768w, https:\/\/www.fermitreviso.com\/wp-content\/uploads\/2025\/09\/LEG90-1-529x705.jpg 529w, https:\/\/www.fermitreviso.com\/wp-content\/uploads\/2025\/09\/LEG90-1.jpg 960w\" data-sizes=\"(max-width: 773px) 100vw, 773px\"  aria-label=\"Bild LEG90-1\"  id='av-masonry-1-item-2053' data-av-masonry-item='2053' class='av-masonry-entry isotope-item post-2053 attachment type-attachment status-inherit hentry  av-masonry-item-with-image' title=\"LEG90-1\" alt=\"\"    itemprop=\"thumbnailUrl\" ><div class='av-inner-masonry-sizer'><\/div><figure class='av-inner-masonry main_color'><div class=\"av-masonry-outerimage-container\"><div class='av-masonry-image-container' style=\"background-image: url(https:\/\/www.fermitreviso.com\/wp-content\/uploads\/2025\/09\/LEG90-1-529x705.jpg);\"  title=\"LEG90-1\" ><\/div><\/div><\/figure><\/a><!--end av-masonry entry--><a href=\"https:\/\/www.fermitreviso.com\/wp-content\/uploads\/2025\/09\/LEG90-4-1030x773.jpg\" data-srcset=\"https:\/\/www.fermitreviso.com\/wp-content\/uploads\/2025\/09\/LEG90-4-1030x773.jpg 1030w, https:\/\/www.fermitreviso.com\/wp-content\/uploads\/2025\/09\/LEG90-4-300x225.jpg 300w, https:\/\/www.fermitreviso.com\/wp-content\/uploads\/2025\/09\/LEG90-4-768x576.jpg 768w, https:\/\/www.fermitreviso.com\/wp-content\/uploads\/2025\/09\/LEG90-4-1536x1152.jpg 1536w, https:\/\/www.fermitreviso.com\/wp-content\/uploads\/2025\/09\/LEG90-4-2048x1536.jpg 2048w, https:\/\/www.fermitreviso.com\/wp-content\/uploads\/2025\/09\/LEG90-4-1500x1125.jpg 1500w, https:\/\/www.fermitreviso.com\/wp-content\/uploads\/2025\/09\/LEG90-4-705x529.jpg 705w\" data-sizes=\"(max-width: 1030px) 100vw, 1030px\"  aria-label=\"Bild LEG90-4\"  id='av-masonry-1-item-2044' data-av-masonry-item='2044' class='av-masonry-entry isotope-item post-2044 attachment type-attachment status-inherit hentry  av-masonry-item-with-image' title=\"LEG90-4\" alt=\"\"    itemprop=\"thumbnailUrl\" ><div class='av-inner-masonry-sizer'><\/div><figure class='av-inner-masonry main_color'><div class=\"av-masonry-outerimage-container\"><div class='av-masonry-image-container' style=\"background-image: url(https:\/\/www.fermitreviso.com\/wp-content\/uploads\/2025\/09\/LEG90-4-705x529.jpg);\"  title=\"LEG90-4\" ><\/div><\/div><\/figure><\/a><!--end av-masonry entry--><a href=\"https:\/\/www.fermitreviso.com\/wp-content\/uploads\/2025\/09\/LEG90-3-773x1030.jpg\" data-srcset=\"https:\/\/www.fermitreviso.com\/wp-content\/uploads\/2025\/09\/LEG90-3-773x1030.jpg 773w, https:\/\/www.fermitreviso.com\/wp-content\/uploads\/2025\/09\/LEG90-3-225x300.jpg 225w, https:\/\/www.fermitreviso.com\/wp-content\/uploads\/2025\/09\/LEG90-3-768x1024.jpg 768w, https:\/\/www.fermitreviso.com\/wp-content\/uploads\/2025\/09\/LEG90-3-529x705.jpg 529w, https:\/\/www.fermitreviso.com\/wp-content\/uploads\/2025\/09\/LEG90-3.jpg 960w\" data-sizes=\"(max-width: 773px) 100vw, 773px\"  aria-label=\"Bild LEG90-3\"  id='av-masonry-1-item-2054' data-av-masonry-item='2054' class='av-masonry-entry isotope-item post-2054 attachment type-attachment status-inherit hentry  av-masonry-item-with-image' title=\"LEG90-3\" alt=\"\"    itemprop=\"thumbnailUrl\" ><div class='av-inner-masonry-sizer'><\/div><figure class='av-inner-masonry main_color'><div class=\"av-masonry-outerimage-container\"><div class='av-masonry-image-container' style=\"background-image: url(https:\/\/www.fermitreviso.com\/wp-content\/uploads\/2025\/09\/LEG90-3-529x705.jpg);\"  title=\"LEG90-3\" ><\/div><\/div><\/figure><\/a><!--end av-masonry entry--><\/div><\/div>\n\n","protected":false},"excerpt":{"rendered":"","protected":false},"author":1,"featured_media":2044,"parent":0,"menu_order":0,"comment_status":"closed","ping_status":"closed","template":"","meta":{"footnotes":""},"class_list":["post-2050","page","type-page","status-publish","has-post-thumbnail","hentry"],"_links":{"self":[{"href":"https:\/\/www.fermitreviso.com\/de\/wp-json\/wp\/v2\/pages\/2050","targetHints":{"allow":["GET"]}}],"collection":[{"href":"https:\/\/www.fermitreviso.com\/de\/wp-json\/wp\/v2\/pages"}],"about":[{"href":"https:\/\/www.fermitreviso.com\/de\/wp-json\/wp\/v2\/types\/page"}],"author":[{"embeddable":true,"href":"https:\/\/www.fermitreviso.com\/de\/wp-json\/wp\/v2\/users\/1"}],"replies":[{"embeddable":true,"href":"https:\/\/www.fermitreviso.com\/de\/wp-json\/wp\/v2\/comments?post=2050"}],"version-history":[{"count":11,"href":"https:\/\/www.fermitreviso.com\/de\/wp-json\/wp\/v2\/pages\/2050\/revisions"}],"predecessor-version":[{"id":2272,"href":"https:\/\/www.fermitreviso.com\/de\/wp-json\/wp\/v2\/pages\/2050\/revisions\/2272"}],"wp:featuredmedia":[{"embeddable":true,"href":"https:\/\/www.fermitreviso.com\/de\/wp-json\/wp\/v2\/media\/2044"}],"wp:attachment":[{"href":"https:\/\/www.fermitreviso.com\/de\/wp-json\/wp\/v2\/media?parent=2050"}],"curies":[{"name":"wp","href":"https:\/\/api.w.org\/{rel}","templated":true}]}}