{"id":2041,"date":"2025-09-30T16:10:05","date_gmt":"2025-09-30T14:10:05","guid":{"rendered":"https:\/\/www.fermitreviso.com\/tecno-teleskopstapler\/"},"modified":"2026-02-09T10:04:42","modified_gmt":"2026-02-09T09:04:42","slug":"tecno-teleskop-stuetzvorrichtungen","status":"publish","type":"page","link":"https:\/\/www.fermitreviso.com\/de\/tecno-teleskop-stuetzvorrichtungen\/","title":{"rendered":"TECNO &#8211; Teleskopstapler"},"content":{"rendered":"\n<style type=\"text\/css\" data-created_by=\"avia_inline_auto\" id=\"style-css-av-vra1k-9781e58e7b2d57a63539f2093f1d8c82\">\n#top .av-special-heading.av-vra1k-9781e58e7b2d57a63539f2093f1d8c82{\nmargin:0 0 0 0;\npadding-bottom:10px;\n}\nbody .av-special-heading.av-vra1k-9781e58e7b2d57a63539f2093f1d8c82 .av-special-heading-tag .heading-char{\nfont-size:25px;\n}\n#top #wrap_all .av-special-heading.av-vra1k-9781e58e7b2d57a63539f2093f1d8c82 .av-special-heading-tag{\npadding:0 0 0 0;\n}\n.av-special-heading.av-vra1k-9781e58e7b2d57a63539f2093f1d8c82 .av-subheading{\nfont-size:15px;\n}\n<\/style>\n<div  class='av-special-heading av-vra1k-9781e58e7b2d57a63539f2093f1d8c82 av-special-heading-h2 blockquote modern-quote  avia-builder-el-0  el_before_av_section  avia-builder-el-no-sibling  highlighted'><h2 class='av-special-heading-tag '  itemprop=\"headline\"  >TECNO &#8211; Teleskopstapler<\/h2><div class=\"special-heading-border\"><div class=\"special-heading-inner-border\"><\/div><\/div><\/div>\n<\/div><\/div><\/div><!-- close content main div --><\/div><\/div><div id='av_section_1'  class='avia-section av-qet8u-e5e4e1cb9e5f6fef4c383f16f6c930b9 main_color avia-section-no-padding avia-no-border-styling  avia-builder-el-1  el_after_av_heading  el_before_av_section  avia-bg-style-scroll container_wrap fullsize'  ><div class='container av-section-cont-open' ><div class='template-page content  av-content-full alpha units'><div class='post-entry post-entry-type-page post-entry-2041'><div class='entry-content-wrapper clearfix'>\n\n<style type=\"text\/css\" data-created_by=\"avia_inline_auto\" id=\"style-css-av-9wkhy-53-9eae9842a622e0c1467a87f8adb3f069\">\n#top .flex_column.av-9wkhy-53-9eae9842a622e0c1467a87f8adb3f069{\nmargin-top:0px;\nmargin-bottom:70px;\n}\n.flex_column.av-9wkhy-53-9eae9842a622e0c1467a87f8adb3f069{\nborder-radius:3px 3px 3px 3px;\npadding:40px 40px 40px 40px;\n}\n.responsive #top #wrap_all .flex_column.av-9wkhy-53-9eae9842a622e0c1467a87f8adb3f069{\nmargin-top:0px;\nmargin-bottom:70px;\n}\n<\/style>\n<div  class='flex_column av-9wkhy-53-9eae9842a622e0c1467a87f8adb3f069 av_one_third  avia-builder-el-2  el_before_av_two_third  avia-builder-el-first  first flex_column_div av-animated-generic left-to-right  '     ><p><div  class='avia-slideshow av-mg58oynh-a47ada4ab2eee4bd9a9cea09e802c526 avia-slideshow-masonry av_slideshow avia-slide-slider  avia-builder-el-3  el_before_av_hr  avia-builder-el-first  av-slideshow-ui av-control-default av-nav-arrows-visible av-nav-dots-visible av-slideshow-autoplay av-loop-endless av-loop-manual-endless av-default-height-applied avia-slideshow-1' data-slideshow-options=\"{&quot;animation&quot;:&quot;slide&quot;,&quot;autoplay&quot;:true,&quot;loop_autoplay&quot;:&quot;endless&quot;,&quot;interval&quot;:5,&quot;loop_manual&quot;:&quot;manual-endless&quot;,&quot;autoplay_stopper&quot;:false,&quot;noNavigation&quot;:false,&quot;bg_slider&quot;:false,&quot;keep_padding&quot;:false,&quot;hoverpause&quot;:false,&quot;show_slide_delay&quot;:0}\"  itemprop=\"image\" itemscope=\"itemscope\" itemtype=\"https:\/\/schema.org\/ImageObject\" ><ul class='avia-slideshow-inner ' style='padding-bottom: 75.035460992908%;'><li  class='avia-slideshow-slide av-mg58oynh-a47ada4ab2eee4bd9a9cea09e802c526__0  av-single-slide slide-1 slide-odd'><div data-rel='slideshow-1' class='avia-slide-wrap '   ><img decoding=\"async\" fetchpriority=\"high\" class=\"wp-image-2043 avia-img-lazy-loading-not-2043\"  src=\"https:\/\/www.fermitreviso.com\/wp-content\/uploads\/2025\/10\/Sollevatore-telescopico-705x529.jpg\" width=\"705\" height=\"529\" title='Teleskopischer Hebezug' alt=''  itemprop=\"thumbnailUrl\" srcset=\"https:\/\/www.fermitreviso.com\/wp-content\/uploads\/2025\/10\/Sollevatore-telescopico-705x529.jpg 705w, https:\/\/www.fermitreviso.com\/wp-content\/uploads\/2025\/10\/Sollevatore-telescopico-300x225.jpg 300w, https:\/\/www.fermitreviso.com\/wp-content\/uploads\/2025\/10\/Sollevatore-telescopico-768x576.jpg 768w, https:\/\/www.fermitreviso.com\/wp-content\/uploads\/2025\/10\/Sollevatore-telescopico.jpg 1030w\" sizes=\"(max-width: 705px) 100vw, 705px\" \/><\/div><\/li><\/ul><\/div><br \/>\n<div  class='hr av-2ahywi-741594adc6edc320d115965caf2fe80b hr-default  avia-builder-el-4  el_after_av_slideshow  el_before_av_buttonrow '><span class='hr-inner '><span class=\"hr-inner-style\"><\/span><\/span><\/div><br \/>\n<div  class='avia-buttonrow-wrap av-mg59z313-54818226c0be983b4d68e64ff1110f88 avia-buttonrow-center  avia-builder-el-5  el_after_av_hr  avia-builder-el-last '>\n\n<style type=\"text\/css\" data-created_by=\"avia_inline_auto\" id=\"style-css-av-mg59ys1q-140ab178a9161957f70fe146696845f1\">\n#top #wrap_all .avia-button.av-mg59ys1q-140ab178a9161957f70fe146696845f1{\nmargin-bottom:5px;\nmargin-right:3px;\nmargin-left:3px;\n}\n<\/style>\n<a href='https:\/\/www.fermitreviso.com\/wp-content\/uploads\/2025\/10\/Tecno-Silos-scheda-tecnica.pdf'  class='avia-button av-mg59ys1q-140ab178a9161957f70fe146696845f1 avia-icon_select-no avia-size-small avia-color-theme-color'  target=\"_blank\"  rel=\"noopener noreferrer\"  aria-label=\"TECHNISCHES DATENBLATT\"><span class='avia_iconbox_title' >TECHNISCHES DATENBLATT<\/span><\/a>\n\n<style type=\"text\/css\" data-created_by=\"avia_inline_auto\" id=\"style-css-av-mg59yy1o-9da637a228b6d9965ccfdbd3e83a9d97\">\n#top #wrap_all .avia-button.av-mg59yy1o-9da637a228b6d9965ccfdbd3e83a9d97{\nmargin-bottom:5px;\nmargin-right:3px;\nmargin-left:3px;\n}\n<\/style>\n<a href='https:\/\/www.fermitreviso.com\/de\/handbuch-datenblatt-anfordern\/?prodotto=TECNO-Sollevatori-telescopici'  class='avia-button av-mg59yy1o-9da637a228b6d9965ccfdbd3e83a9d97 avia-icon_select-no avia-size-small avia-color-theme-color'  target=\"_blank\"  rel=\"noopener noreferrer\"  aria-label=\"BENUTZERHANDBUCH\"><span class='avia_iconbox_title' >BENUTZERHANDBUCH<\/span><\/a>\n<\/div><\/p><\/div>\n<style type=\"text\/css\" data-created_by=\"avia_inline_auto\" id=\"style-css-av-9wkhy-50-f016dea02941a551ddcd063efde90c6a\">\n#top .flex_column.av-9wkhy-50-f016dea02941a551ddcd063efde90c6a{\nmargin-top:0px;\nmargin-bottom:70px;\n}\n.flex_column.av-9wkhy-50-f016dea02941a551ddcd063efde90c6a{\nborder-radius:3px 3px 3px 3px;\npadding:40px 40px 0 40px;\nbackground-color:#f7f7f7;\n}\n.responsive #top #wrap_all .flex_column.av-9wkhy-50-f016dea02941a551ddcd063efde90c6a{\nmargin-top:0px;\nmargin-bottom:70px;\n}\n<\/style>\n<div  class='flex_column av-9wkhy-50-f016dea02941a551ddcd063efde90c6a av_two_third  avia-builder-el-6  el_after_av_one_third  avia-builder-el-last  flex_column_div av-animated-generic left-to-right  '     ><p>\n<style type=\"text\/css\" data-created_by=\"avia_inline_auto\" id=\"style-css-av-mg5a7q5l-3f0bbf425e77257ca9c30c41f54d162e\">\n#top .av-special-heading.av-mg5a7q5l-3f0bbf425e77257ca9c30c41f54d162e{\npadding-bottom:10px;\n}\nbody .av-special-heading.av-mg5a7q5l-3f0bbf425e77257ca9c30c41f54d162e .av-special-heading-tag .heading-char{\nfont-size:25px;\n}\n.av-special-heading.av-mg5a7q5l-3f0bbf425e77257ca9c30c41f54d162e .av-subheading{\nfont-size:15px;\n}\n<\/style>\n<div  class='av-special-heading av-mg5a7q5l-3f0bbf425e77257ca9c30c41f54d162e av-special-heading-h3 blockquote modern-quote  avia-builder-el-7  el_before_av_textblock  avia-builder-el-first '><h3 class='av-special-heading-tag '  itemprop=\"headline\"  >DETAILS<\/h3><div class=\"special-heading-border\"><div class=\"special-heading-inner-border\"><\/div><\/div><\/div><br \/>\n<section  class='av_textblock_section av-jgrx3l5f-ff414163e41fde878d9a7a9392a91bca '   itemscope=\"itemscope\" itemtype=\"https:\/\/schema.org\/CreativeWork\" ><div class='avia_textblock'  itemprop=\"text\" ><div class=\"page\" title=\"Seite 2\">\n<div class=\"section\">\n<div class=\"layoutArea\">\n<div class=\"column\">\n<p>Die <strong>TECNO-Teleskopstapler <\/strong>f\u00fcr Sattelauflieger und Silos sind <strong>robuste<\/strong> und <strong>zuverl\u00e4ssige<\/strong> Ger\u00e4te, die Stabilit\u00e4t und Sicherheit garantieren.<\/p>\n<p>Dank ihrer <strong>soliden Konstruktion<\/strong> und ihrer fortschrittlichen technischen Eigenschaften sind sie ideal f\u00fcr den professionellen Einsatz auf der Stra\u00dfe und in der Landwirtschaft.<\/p>\n<p>Ausgestattet mit einem <strong>manuellen Mechanismus mit zwei Geschwindigkeiten<\/strong> bieten sie Pr\u00e4zision und Benutzerfreundlichkeit und passen sich an unterschiedliche Arbeitsbedingungen an.<\/p>\n<p>Die FERMI-Teleskopstapler sind eine zuverl\u00e4ssige und sichere L\u00f6sung f\u00fcr den <strong>Umschlag von Sattelaufliegern<\/strong> und vereinen St\u00e4rke, Pr\u00e4zision und Benutzerfreundlichkeit.<\/p>\n<\/div>\n<\/div>\n<\/div>\n<\/div>\n<\/div><\/section><br \/>\n<section  class='av_textblock_section av-mg6m49ma-576f2f0e9bb48716350701c250eab7a6 '   itemscope=\"itemscope\" itemtype=\"https:\/\/schema.org\/CreativeWork\" ><div class='avia_textblock'  itemprop=\"text\" ><blockquote>\n<div class=\"page\" title=\"Seite 2\">\n<div class=\"section\">\n<div class=\"layoutArea\">\n<div class=\"column\">\n<p><span style=\"font-weight: 400;\">Die Teleskopstapler der TECNO-Serie sind mit <strong>verschiedenen Halterungen\/F\u00fc\u00dfen<\/strong> erh\u00e4ltlich, um <strong>allen<\/strong> Arbeitsbedingungen und <strong>Benutzeranforderungen<\/strong> gerecht zu werden.<\/span><\/p>\n<\/div>\n<\/div>\n<\/div>\n<\/div>\n<\/blockquote>\n<\/div><\/section><br \/>\n\n<style type=\"text\/css\" data-created_by=\"avia_inline_auto\" id=\"style-css-av-mg5a87q7-e44b201d9972e3a463dfa4ae1d150505\">\n.avia-image-container.av-mg5a87q7-e44b201d9972e3a463dfa4ae1d150505 img.avia_image{\nbox-shadow:none;\n}\n.avia-image-container.av-mg5a87q7-e44b201d9972e3a463dfa4ae1d150505 .av-image-caption-overlay-center{\ncolor:#ffffff;\n}\n<\/style>\n<div  class='avia-image-container av-mg5a87q7-e44b201d9972e3a463dfa4ae1d150505 av-styling- avia-align-center  avia-builder-el-10  el_after_av_textblock  el_before_av_heading '   itemprop=\"image\" itemscope=\"itemscope\" itemtype=\"https:\/\/schema.org\/ImageObject\" ><div class=\"avia-image-container-inner\"><div class=\"avia-image-overlay-wrap\"><img decoding=\"async\" fetchpriority=\"high\" class='wp-image-2033 avia-img-lazy-loading-not-2033 avia_image ' src=\"https:\/\/www.fermitreviso.com\/wp-content\/uploads\/2025\/09\/tecno-1030x971.png\" alt='' title='Techno'  height=\"971\" width=\"1030\"  itemprop=\"thumbnailUrl\" srcset=\"https:\/\/www.fermitreviso.com\/wp-content\/uploads\/2025\/09\/tecno-1030x971.png 1030w, https:\/\/www.fermitreviso.com\/wp-content\/uploads\/2025\/09\/tecno-300x283.png 300w, https:\/\/www.fermitreviso.com\/wp-content\/uploads\/2025\/09\/tecno-768x724.png 768w, https:\/\/www.fermitreviso.com\/wp-content\/uploads\/2025\/09\/tecno-705x664.png 705w, https:\/\/www.fermitreviso.com\/wp-content\/uploads\/2025\/09\/tecno.png 1340w\" sizes=\"(max-width: 1030px) 100vw, 1030px\" \/><\/div><\/div><\/div><br \/>\n\n<style type=\"text\/css\" data-created_by=\"avia_inline_auto\" id=\"style-css-av-7ij4a-17a5ccc25cda9b9509ff1a6a5702ac6b\">\n#top .av-special-heading.av-7ij4a-17a5ccc25cda9b9509ff1a6a5702ac6b{\npadding-bottom:10px;\n}\nbody .av-special-heading.av-7ij4a-17a5ccc25cda9b9509ff1a6a5702ac6b .av-special-heading-tag .heading-char{\nfont-size:25px;\n}\n.av-special-heading.av-7ij4a-17a5ccc25cda9b9509ff1a6a5702ac6b .av-subheading{\nfont-size:15px;\n}\n<\/style>\n<div  class='av-special-heading av-7ij4a-17a5ccc25cda9b9509ff1a6a5702ac6b av-special-heading-h3 blockquote modern-quote  avia-builder-el-11  el_after_av_image  el_before_av_table '><h3 class='av-special-heading-tag '  itemprop=\"headline\"  >TECHNISCHES DATENBLATT<\/h3><div class=\"special-heading-border\"><div class=\"special-heading-inner-border\"><\/div><\/div><\/div><br \/>\n<div class='avia-data-table-wrap av-1sl7he-7cef552135663fce0e18e575e4cd9ea9 avia_responsive_table avia-table-1'><table  class='avia-table avia-data-table avia_pricing_default  avia-builder-el-12  el_after_av_heading  avia-builder-el-last '  itemscope=\"itemscope\" itemtype=\"https:\/\/schema.org\/Table\" ><tbody><tr class=''><td class=''>MAXIMALE STATISCHE BELASTUNG<\/td><td class='avia-center-col'>60000 kg \/ Drehmoment<\/td><\/tr><tr class=''><td class=''>GEWICHT<\/td><td class='avia-center-col'>120 kg \/ Paar<\/td><\/tr><tr class=''><td class=''>VERKLEINERUNGSFAKTOR<\/td><td class='avia-center-col'>2 G\u00e4nge, hoher und niedriger Gang, mit schneller Einrastung und ohne Leerlauf, zur Anpassung an unterschiedliche Betriebsanforderungen<\/td><\/tr><tr class='avia-heading-row'><th class=''>MANAULE KRAFT ERFORDERLICH<\/th><th class='avia-center-col'><\/th><\/tr><tr class=''><td class=''>UP TO 12 t LADEN UPLOAD<\/td><td class='avia-center-col'>16 kg<\/td><\/tr><tr class=''><td class=''>UP TO 16 t LOAD UPLOAD<\/td><td class='avia-center-col'>22 kg<\/td><\/tr><tr class=''><td class=''>UP TO 20 t LADUNG UPLOAD<\/td><td class='avia-center-col'>28 kg<\/td><\/tr><tr class='avia-heading-row'><th class=''>HUBGESCHWINDIGKEIT<\/th><th class='avia-center-col'><\/th><\/tr><tr class=''><td class=''>RAPID RUNNING<\/td><td class='avia-center-col'>11 mm pro Kurbelumdrehung (ideal f\u00fcr schnelle Einstellungen)<\/td><\/tr><tr class=''><td class=''>REDUZIERTER BETRIEB<\/td><td class='avia-center-col'>1 mm pro Kurbelumdrehung (f\u00fcr Pr\u00e4zision und hohe Lasten)<\/td><\/tr><\/tbody><\/table><\/div><\/p><\/div><\/div><\/div><\/div><!-- close content main div --><\/div><\/div>\n<style type=\"text\/css\" data-created_by=\"avia_inline_auto\" id=\"style-css-av-mg58whlk-300dcb8bef2e6634c2d03aa4c7ac7f93\">\n.avia-section.av-mg58whlk-300dcb8bef2e6634c2d03aa4c7ac7f93{\nbackground-color:#e02b20;\nbackground-image:unset;\n}\n<\/style>\n<div id='av_section_2'  class='avia-section av-mg58whlk-300dcb8bef2e6634c2d03aa4c7ac7f93 main_color avia-section-default avia-no-border-styling  avia-builder-el-13  el_after_av_section  avia-builder-el-last  avia-bg-style-scroll container_wrap fullsize'  ><div class='container av-section-cont-open' ><div class='template-page content  av-content-full alpha units'><div class='post-entry post-entry-type-page post-entry-2041'><div class='entry-content-wrapper clearfix'>\n<div id='av-masonry-1' class='av-masonry av-mg590tug-0df521c54e2fff63ab8a858a63b9989c noHover av-fixed-size av-large-gap av-hover-overlay-active av-masonry-animation-active av-masonry-col-4 av-caption-always av-caption-style- av-masonry-gallery ' data-post_id=\"2041\"><div class=\"av-masonry-container isotope av-js-disabled\"><div class='av-masonry-entry isotope-item av-masonry-item-no-image '><\/div><a href=\"https:\/\/www.fermitreviso.com\/wp-content\/uploads\/2025\/10\/Sollevatore-telescopico.jpg\" data-srcset=\"https:\/\/www.fermitreviso.com\/wp-content\/uploads\/2025\/10\/Sollevatore-telescopico.jpg 1030w, https:\/\/www.fermitreviso.com\/wp-content\/uploads\/2025\/10\/Sollevatore-telescopico-300x225.jpg 300w, https:\/\/www.fermitreviso.com\/wp-content\/uploads\/2025\/10\/Sollevatore-telescopico-768x576.jpg 768w, https:\/\/www.fermitreviso.com\/wp-content\/uploads\/2025\/10\/Sollevatore-telescopico-705x529.jpg 705w\" data-sizes=\"(max-width: 1030px) 100vw, 1030px\"  aria-label=\"Bild Teleskopischer Hebezug\"  id='av-masonry-1-item-2043' data-av-masonry-item='2043' class='av-masonry-entry isotope-item post-2043 attachment type-attachment status-inherit hentry  av-masonry-item-with-image' title=\"Teleskopischer Hebezug\" alt=\"\"    itemprop=\"thumbnailUrl\" ><div class='av-inner-masonry-sizer'><\/div><figure class='av-inner-masonry main_color'><div class=\"av-masonry-outerimage-container\"><div class='av-masonry-image-container' style=\"background-image: url(https:\/\/www.fermitreviso.com\/wp-content\/uploads\/2025\/10\/Sollevatore-telescopico-705x529.jpg);\"  title=\"Teleskopischer Hebezug\" ><\/div><\/div><\/figure><\/a><!--end av-masonry entry--><\/div><\/div>\n<\/p>\n","protected":false},"excerpt":{"rendered":"","protected":false},"author":1,"featured_media":2044,"parent":0,"menu_order":0,"comment_status":"closed","ping_status":"closed","template":"","meta":{"footnotes":""},"class_list":["post-2041","page","type-page","status-publish","has-post-thumbnail","hentry"],"_links":{"self":[{"href":"https:\/\/www.fermitreviso.com\/de\/wp-json\/wp\/v2\/pages\/2041","targetHints":{"allow":["GET"]}}],"collection":[{"href":"https:\/\/www.fermitreviso.com\/de\/wp-json\/wp\/v2\/pages"}],"about":[{"href":"https:\/\/www.fermitreviso.com\/de\/wp-json\/wp\/v2\/types\/page"}],"author":[{"embeddable":true,"href":"https:\/\/www.fermitreviso.com\/de\/wp-json\/wp\/v2\/users\/1"}],"replies":[{"embeddable":true,"href":"https:\/\/www.fermitreviso.com\/de\/wp-json\/wp\/v2\/comments?post=2041"}],"version-history":[{"count":21,"href":"https:\/\/www.fermitreviso.com\/de\/wp-json\/wp\/v2\/pages\/2041\/revisions"}],"predecessor-version":[{"id":2372,"href":"https:\/\/www.fermitreviso.com\/de\/wp-json\/wp\/v2\/pages\/2041\/revisions\/2372"}],"wp:featuredmedia":[{"embeddable":true,"href":"https:\/\/www.fermitreviso.com\/de\/wp-json\/wp\/v2\/media\/2044"}],"wp:attachment":[{"href":"https:\/\/www.fermitreviso.com\/de\/wp-json\/wp\/v2\/media?parent=2041"}],"curies":[{"name":"wp","href":"https:\/\/api.w.org\/{rel}","templated":true}]}}