{"id":2037,"date":"2025-10-01T14:58:05","date_gmt":"2025-10-01T12:58:05","guid":{"rendered":"https:\/\/www.fermitreviso.com\/cookies-2\/"},"modified":"2025-10-31T16:01:38","modified_gmt":"2025-10-31T15:01:38","slug":"cookies-2","status":"publish","type":"page","link":"https:\/\/www.fermitreviso.com\/de\/cookies-2\/","title":{"rendered":"Cookies"},"content":{"rendered":"\n<style type=\"text\/css\" data-created_by=\"avia_inline_auto\" id=\"style-css-av-mg7zmjxa-6ab1f9a897b49214f7d3d8f9975ca193\">\n#top .av-special-heading.av-mg7zmjxa-6ab1f9a897b49214f7d3d8f9975ca193{\npadding-bottom:10px;\n}\nbody .av-special-heading.av-mg7zmjxa-6ab1f9a897b49214f7d3d8f9975ca193 .av-special-heading-tag .heading-char{\nfont-size:25px;\n}\n.av-special-heading.av-mg7zmjxa-6ab1f9a897b49214f7d3d8f9975ca193 .av-subheading{\nfont-size:15px;\n}\n<\/style>\n<div  class='av-special-heading av-mg7zmjxa-6ab1f9a897b49214f7d3d8f9975ca193 av-special-heading-h2 blockquote modern-quote  avia-builder-el-0  el_before_av_textblock  avia-builder-el-first '><h2 class='av-special-heading-tag '  itemprop=\"headline\"  >Verwendung von Cookies<\/h2><div class=\"special-heading-border\"><div class=\"special-heading-inner-border\"><\/div><\/div><\/div>\n\n<style type=\"text\/css\" data-created_by=\"avia_inline_auto\" id=\"style-css-av-mg7zn23q-e52796b38c1b4093e0a73c96d65640d0\">\n#top .av_textblock_section.av-mg7zn23q-e52796b38c1b4093e0a73c96d65640d0 .avia_textblock{\ntext-align:center;\n}\n<\/style>\n<section  class='av_textblock_section av-mg7zn23q-e52796b38c1b4093e0a73c96d65640d0 '   itemscope=\"itemscope\" itemtype=\"https:\/\/schema.org\/CreativeWork\" ><div class='avia_textblock'  itemprop=\"text\" ><p style=\"text-align: left;\"><div class='av-privacy-popup-button-wrap button'><a href='#' class='avia-button avia-cookie-consent-button av-extra-cookie-btn avia-cookie-info-btn ' >ERFAHREN SIE MEHR UND PERSONALISIEREN SIE IHRE COOKIES, INDEM SIE HIER KLICKEN<\/a><\/div><\/p>\n<\/div><\/section>\n\n<style type=\"text\/css\" data-created_by=\"avia_inline_auto\" id=\"style-css-av-mghto8pd-718b14bea5784b199d27065ed7bbb372\">\n#top .av-special-heading.av-mghto8pd-718b14bea5784b199d27065ed7bbb372{\npadding-bottom:10px;\n}\nbody .av-special-heading.av-mghto8pd-718b14bea5784b199d27065ed7bbb372 .av-special-heading-tag .heading-char{\nfont-size:25px;\n}\n.av-special-heading.av-mghto8pd-718b14bea5784b199d27065ed7bbb372 .av-subheading{\nfont-size:15px;\n}\n<\/style>\n<div  class='av-special-heading av-mghto8pd-718b14bea5784b199d27065ed7bbb372 av-special-heading-h3 blockquote modern-quote  avia-builder-el-2  el_after_av_textblock  el_before_av_textblock '><h3 class='av-special-heading-tag '  itemprop=\"headline\"  >Datenkontrolleur<\/h3><div class='av-subheading av-subheading_below'><p>Kontaktinformationen<\/p>\n<\/div><div class=\"special-heading-border\"><div class=\"special-heading-inner-border\"><\/div><\/div><\/div>\n<section  class='av_textblock_section av-mghtna2k-7d5fbd16d5ad7c0026b5380b54153bc4 '   itemscope=\"itemscope\" itemtype=\"https:\/\/schema.org\/CreativeWork\" ><div class='avia_textblock'  itemprop=\"text\" ><p class=\"widgettitle\">Diese &#8218;Cookie-Richtlinie&#8216; betrifft die Verwendung von Cookies durch<strong><\/p>\n<p>FERMI S.R.L.<\/strong><\/p>\n<p>Via Treviso, 42,<br \/>\n31057, Silea (TV)<br \/>\nMWST.-NR. 01854000260<\/p>\n<p><strong>E-Mail Adresse des Inhabers:<\/strong> <a href=\"mailto:info@fermitreviso.com\">info@fermitreviso.com<\/a><\/p>\n<\/div><\/section>\n<section  class='av_textblock_section av-mg7zqt4g-9ce03ce7a68db96cffa657898010ee65 '   itemscope=\"itemscope\" itemtype=\"https:\/\/schema.org\/CreativeWork\" ><div class='avia_textblock'  itemprop=\"text\" ><p>Fermi S.R.L. verwendet Cookies, um die Nutzung der Website zu erleichtern und um die Website und die Produkte besser auf die Interessen und Bed\u00fcrfnisse der Nutzer abzustimmen. Cookies k\u00f6nnen auch verwendet werden, um zuk\u00fcnftige Erfahrungen und Aktivit\u00e4ten auf der Website zu beschleunigen. Dar\u00fcber hinaus verwendet Fermi S.R.L. Cookies, um anonyme Gesamtstatistiken zu erstellen, um zu verstehen, wie die Benutzer auf der Website navigieren und um die Struktur und den Inhalt der Website zu verbessern.  <\/p>\n<p><strong>Rechtliche Hinweise<\/strong><br \/>\nEU-Verordnung Nr. 679 von 2016 zum Schutz personenbezogener Daten (&#8222;GDPR&#8220;).<x id=\"gid_2\"><\/x>Art. 10 der Richtlinie Nr. 95\/46\/EG, sowie die Bestimmungen der Richtlinie 2002\/58\/EG, aktualisiert durch die Richtlinie 2009\/136\/EG, \u00fcber Cookies.  <\/p>\n<p><strong>Was sind Cookies?<\/strong><\/p>\n<p>Cookies sind kleine Textdateien, die von Nutzern besuchte Websites an deren Endger\u00e4te senden, wo sie gespeichert werden, um bei sp\u00e4teren Besuchen derselben Websites erneut \u00fcbertragen zu werden. Cookies werden f\u00fcr unterschiedliche Zwecke verwendet, haben unterschiedliche Eigenschaften und k\u00f6nnen entweder vom Eigent\u00fcmer der von Ihnen besuchten Website oder von Dritten verwendet werden. <\/p>\n<p>Nachfolgend finden Sie alle Informationen \u00fcber die auf dieser Website installierten Cookies sowie die notwendigen Hinweise, wie Sie Ihre Einstellungen in Bezug auf diese Cookies verwalten k\u00f6nnen.<\/p>\n<p><strong>Technische Cookies, die keine Zustimmung erfordern<\/strong><\/p>\n<ul>\n<li>Cookies, die sich auf Aktivit\u00e4ten beziehen, die f\u00fcr den Betrieb der Website und die Bereitstellung des Dienstes unbedingt erforderlich sind: Wir verwenden diese Cookies, und zwar sowohl Sitzungs- als auch Lebenszeit-Cookies.<\/li>\n<li>Cookies im Zusammenhang mit der Speicherung von Pr\u00e4ferenzen und Optimierungsaktivit\u00e4ten. Wir verwenden diese Cookies, es sind lebenslange Cookies. <\/li>\n<li>Statistische Cookies, die direkt vom Betreiber der Website verwendet werden, um Informationen in aggregierter und anonymer Form zu sammeln.<\/li>\n<\/ul>\n<p><strong>Cookies, f\u00fcr die eine Zustimmung erforderlich ist<\/strong><\/p>\n<p>Alle anderen als die oben genannten technischen Cookies werden nur dann installiert oder aktiviert, wenn der Benutzer bei seinem ersten Besuch der Website seine Zustimmung erteilt. Die Zustimmung kann allgemein erteilt werden, indem Sie mit dem Kurzinformationsbanner auf der Startseite der Website interagieren, und zwar auf die in diesem Banner angegebene Weise (indem Sie das Banner schlie\u00dfen oder auf die Schaltfl\u00e4che OK klicken oder die Seite nach unten scrollen oder auf eines ihrer Elemente klicken); oder sie kann selektiv erteilt werden, und zwar auf die unten angegebene Weise. Eine Aufzeichnung dieser Zustimmung wird bei sp\u00e4teren Besuchen aufbewahrt. Der Benutzer hat jedoch jederzeit die M\u00f6glichkeit, die bereits erteilte Zustimmung ganz oder teilweise zu widerrufen.   <\/p>\n<p><strong>Von Dritten verwaltete Cookies<\/strong><\/p>\n<p>\u00dcber diese Website k\u00f6nnen auch Cookies von Dritten installiert werden. Nachfolgend finden Sie einige Hinweise zu den Dritten, einen Link zu deren Richtlinien und das Formular mit den Informationen \u00fcber die Behandlung, um Ihre Zustimmung zur Installation solcher Cookies zu geben oder zu verweigern. F\u00fcr alle diese Cookies k\u00f6nnen Sie Ihre Zustimmung auch ausdr\u00fccken, indem Sie diese Seite schlie\u00dfen oder zu einer anderen Seite der Website gehen.  <\/p>\n<p>Nachstehend finden Sie die Namen der Dritten, die sie verwalten, und f\u00fcr jeden von ihnen den Link zu der Seite, auf der Sie Informationen \u00fcber die Verarbeitung erhalten und Ihre Zustimmung geben k\u00f6nnen.<\/p>\n<\/div><\/section>\n<\/div><\/div><\/div><!-- close content main div --><\/div><\/div><div id='av_section_1'  class='avia-section av-1mtfr9-1088b494524dcb0776ac5c81ed06e0fc main_color avia-section-default avia-no-border-styling  avia-builder-el-5  el_after_av_textblock  el_before_av_hr  avia-bg-style-scroll container_wrap fullsize'  ><div class='container av-section-cont-open' ><div class='template-page content  av-content-full alpha units'><div class='post-entry post-entry-type-page post-entry-2037'><div class='entry-content-wrapper clearfix'>\n<div  class='flex_column av-eo8fyd-6dd07b90f40af1abefba2687a15ec565 av_one_half  avia-builder-el-6  el_before_av_one_half  avia-builder-el-first  first flex_column_div  '     ><article  class='iconbox iconbox_left av-172y8l-db8c24987346c86e321a5e01e8c2465d  avia-builder-el-7  avia-builder-el-no-sibling '  itemscope=\"itemscope\" itemtype=\"https:\/\/schema.org\/CreativeWork\" ><div class=\"iconbox_content\"><header class=\"entry-content-header\" aria-label=\"Icon: Statistik\"><div class='iconbox_icon heading-color avia-svg-icon avia-font-svg_entypo-fontello' data-av_svg_icon='chart-line' data-av_iconset='svg_entypo-fontello' ><svg version=\"1.1\" xmlns=\"http:\/\/www.w3.org\/2000\/svg\" width=\"32\" height=\"32\" viewBox=\"0 0 32 32\" preserveAspectRatio=\"xMidYMid meet\" aria-labelledby='av-svg-title-1' aria-describedby='av-svg-desc-1' role=\"graphics-symbol\">\n<title id='av-svg-title-1'>Chart-line<\/title>\n<desc id='av-svg-desc-1'>Chart-line<\/desc>\n<path d=\"M1.088 18.112q-1.344-0.32-1.024-1.792 0.32-1.344 1.728-1.024l3.136 0.768-1.664 2.56zM29.568 18.496q0.448-0.384 1.056-0.352t0.992 0.48q1.024 1.024-0.064 2.048l-8.064 7.232q-0.384 0.384-0.96 0.384-0.448 0-0.896-0.32l-9.152-7.040-1.728-0.448 1.6-2.56 1.152 0.256q0.384 0.128 0.512 0.256l8.448 6.528zM13.888 11.456l-11.2 17.6q-0.384 0.704-1.216 0.704-0.384 0-0.768-0.256-0.512-0.32-0.64-0.928t0.192-1.056l11.968-18.816q0.256-0.512 0.896-0.64 0.576-0.192 1.152 0.192l7.872 4.992 7.232-10.432q0.32-0.512 0.896-0.608t1.088 0.288q1.216 0.768 0.384 1.984l-8.064 11.584q-0.768 1.152-1.984 0.384z\"><\/path>\n<\/svg><\/div><h3 class='iconbox_content_title '  itemprop=\"headline\" >Statistik<\/h3><\/header><div class='iconbox_content_container '  itemprop=\"text\" ><p>Die in diesem Abschnitt enthaltenen Dienste erm\u00f6glichen dem Datenverantwortlichen die \u00dcberwachung und Analyse von Verkehrsdaten und dienen dazu, das Verhalten des Nutzers zu verfolgen.<\/p>\n<p>Google Analytics (Google Inc.)<\/p>\n<p>Google Analytics ist ein Webanalysedienst, der von Google Inc. (&#8222;Google&#8220;) bereitgestellt wird. Google verwendet die gesammelten pers\u00f6nlichen Daten, um die Nutzung dieser Anwendung zu verfolgen und zu untersuchen, Berichte zu erstellen und sie mit anderen von Google entwickelten Diensten zu teilen.  <\/p>\n<p>Google kann pers\u00f6nliche Daten verwenden, um Anzeigen in seinem Werbenetzwerk zu kontextualisieren und zu personalisieren.<\/p>\n<p>Erfasste pers\u00f6nliche Daten: Cookies und Nutzungsdaten.<\/p>\n<p>Ort der Verarbeitung: Vereinigte Staaten.<\/p>\n<p><a href=\"https:\/\/www.google.com\/intl\/it\/policies\/privacy\/\" target=\"_blank\" rel=\"noopener\">Datenschutzbestimmungen<\/a><\/p>\n<\/div><\/div><footer class=\"entry-footer\"><\/footer><\/article><\/div><div  class='flex_column av-139ryt-60011efd600affced215707d55f7fc91 av_one_half  avia-builder-el-8  el_after_av_one_half  el_before_av_one_half  flex_column_div  '     ><article  class='iconbox iconbox_left av-8fqqlh-1b48d016dca36cbcf38a78c3581e8983  avia-builder-el-9  avia-builder-el-no-sibling '  itemscope=\"itemscope\" itemtype=\"https:\/\/schema.org\/CreativeWork\" ><div class=\"iconbox_content\"><header class=\"entry-content-header\" aria-label=\"Icon: Interaktion mit externen Plattformen\"><div class='iconbox_icon heading-color avia-svg-icon avia-font-svg_entypo-fontello' data-av_svg_icon='thumbs-up' data-av_iconset='svg_entypo-fontello' ><svg version=\"1.1\" xmlns=\"http:\/\/www.w3.org\/2000\/svg\" width=\"26\" height=\"32\" viewBox=\"0 0 26 32\" preserveAspectRatio=\"xMidYMid meet\" aria-labelledby='av-svg-title-2' aria-describedby='av-svg-desc-2' role=\"graphics-symbol\">\n<title id='av-svg-title-2'>Thumbs-up<\/title>\n<desc id='av-svg-desc-2'>Thumbs-up<\/desc>\n<path d=\"M18.624 11.84q0.064 0.192 1.856 0.416t3.456 0.768 1.664 1.504q0 2.304-1.952 9.088t-3.424 6.784q-4.608 0-9.216-1.344t-4.608-2.816v-10.944q0-0.448 0.48-1.088t1.472-1.44 1.696-1.312 1.984-1.376 1.472-0.992q1.6-1.088 3.328-3.2t2.72-3.328 1.312-0.832q1.536 2.432 0.928 4.384t-1.888 3.808-1.28 1.92zM4.8 11.968q0.448 0 0 0.448-1.6 1.6-1.6 3.328v10.176q0 1.6 1.664 3.328 0.32 0.32-0.064 0.32-0.832 0-1.76-0.256t-1.984-1.44-1.056-3.168v-7.744q0-1.984 1.056-3.2t2.016-1.504 1.728-0.288z\"><\/path>\n<\/svg><\/div><h3 class='iconbox_content_title '  itemprop=\"headline\" >Interaktion mit externen Plattformen<\/h3><\/header><div class='iconbox_content_container '  itemprop=\"text\" ><p>Diese Art von Dienst erm\u00f6glicht es, direkt von den Seiten dieser Anwendung aus mit sozialen Netzwerken oder anderen externen Plattformen zu interagieren.<\/p>\n<p>Die von dieser Anwendung erfassten Interaktionen und Informationen unterliegen in jedem Fall den Datenschutzeinstellungen des Nutzers f\u00fcr jedes soziale Netzwerk.<\/p>\n<p>Wenn ein Dienst f\u00fcr die Interaktion mit sozialen Netzwerken installiert ist, ist es m\u00f6glich, dass er, auch wenn die Benutzer den Dienst nicht nutzen, Verkehrsdaten in Bezug auf die Seiten, auf denen er installiert ist, erfasst.<\/p>\n<p>Facebook Like Button und Social Widgets (Facebook, Inc.)<\/p>\n<p>Der Facebook &#8222;Like&#8220;-Button und die Social Widgets sind Dienste f\u00fcr die Interaktion mit dem sozialen Netzwerk Facebook, die von Facebook, Inc. bereitgestellt werden.<\/p>\n<p>Erfasste personenbezogene Daten: Cookies und Nutzungsdaten.<\/p>\n<p>Ort der Verarbeitung: Vereinigte Staaten.<\/p>\n<p><a href=\"https:\/\/www.facebook.com\/privacy\/explanation\" target=\"_blank\" rel=\"noopener\">Datenschutzrichtlinie<\/a><\/p>\n<\/div><\/div><footer class=\"entry-footer\"><\/footer><\/article><\/div><div  class='flex_column av-89j6r9-418e737137f8af3edb8eb8d68bb170fb av_one_half  avia-builder-el-10  el_after_av_one_half  el_before_av_one_half  first flex_column_div  column-top-margin'     ><article  class='iconbox iconbox_left av-5u5eat-1592b20bb421d5f634d6b9548a784b1c  avia-builder-el-11  avia-builder-el-no-sibling '  itemscope=\"itemscope\" itemtype=\"https:\/\/schema.org\/CreativeWork\" ><div class=\"iconbox_content\"><header class=\"entry-content-header\" aria-label=\"Icon: Interaktion mit externen Plattformen\"><div class='iconbox_icon heading-color avia-svg-icon avia-font-svg_entypo-fontello' data-av_svg_icon='map' data-av_iconset='svg_entypo-fontello' ><svg version=\"1.1\" xmlns=\"http:\/\/www.w3.org\/2000\/svg\" width=\"32\" height=\"32\" viewBox=\"0 0 32 32\" preserveAspectRatio=\"xMidYMid meet\" aria-labelledby='av-svg-title-3' aria-describedby='av-svg-desc-3' role=\"graphics-symbol\">\n<title id='av-svg-title-3'>Map<\/title>\n<desc id='av-svg-desc-3'>Map<\/desc>\n<path d=\"M31.488 8q0.512 0.32 0.512 0.96v18.688q0 0.64-0.512 0.96-0.256 0.192-0.512 0.192t-0.576-0.192l-6.912-4.352-6.912 4.352q-0.576 0.32-1.088 0l-6.976-4.352-6.912 4.352q-0.512 0.32-1.088 0-0.512-0.32-0.512-0.96v-18.688q0-0.64 0.512-0.96l7.488-4.672q0.576-0.32 1.088 0l6.912 4.352 6.976-4.352q0.512-0.32 1.024 0zM7.488 22.4v-16.192l-5.376 3.328v16.192zM14.976 25.728v-16.192l-5.376-3.328v16.192zM22.464 22.4v-16.192l-5.44 3.328v16.192zM29.888 25.728v-16.192l-5.376-3.328v16.192z\"><\/path>\n<\/svg><\/div><h3 class='iconbox_content_title '  itemprop=\"headline\" >Interaktion mit externen Plattformen<\/h3><\/header><div class='iconbox_content_container '  itemprop=\"text\" ><p>Diese Art von Dienst erm\u00f6glicht es, Inhalte, die auf externen Plattformen gehostet werden, direkt auf den Seiten dieser Anwendung anzuzeigen und mit ihnen zu interagieren.<\/p>\n<p>Wenn ein solcher Dienst installiert ist, ist es m\u00f6glich, dass er Verkehrsdaten \u00fcber die Seiten, auf denen er installiert ist, sammelt, auch wenn die Benutzer den Dienst nicht nutzen.<\/p>\n<p>Google Maps-Widget (Google Inc.)<\/p>\n<p>Google Maps ist ein von Google Inc. betriebener Kartendarstellungsdienst, der es dieser Anwendung erm\u00f6glicht, solche Inhalte in ihre Seiten zu integrieren. <\/p>\n<p>Erfasste pers\u00f6nliche Daten: Cookies und Nutzungsdaten.<\/p>\n<p>Ort der Verarbeitung: Vereinigte Staaten.<\/p>\n<p><a href=\"https:\/\/www.google.it\/intl\/it\/policies\/privacy\/\" target=\"_blank\" rel=\"noopener\">Datenschutzbestimmungen<\/a><\/p>\n<\/div><\/div><footer class=\"entry-footer\"><\/footer><\/article><\/div><div  class='flex_column av-gjnt1-7a8c63c57fa1c30ee35b1252bef4d608 av_one_half  avia-builder-el-12  el_after_av_one_half  avia-builder-el-last  flex_column_div  column-top-margin'     ><article  class='iconbox iconbox_left av-2hb9d1-cac72d34aa2f4409fc2afaaa6178ab89  avia-builder-el-13  avia-builder-el-no-sibling '  itemscope=\"itemscope\" itemtype=\"https:\/\/schema.org\/CreativeWork\" ><div class=\"iconbox_content\"><header class=\"entry-content-header\" aria-label=\"Icon: Interaktion mit externen Plattformen\"><div class='iconbox_icon heading-color avia-svg-icon avia-font-svg_entypo-fontello' data-av_svg_icon='video' data-av_iconset='svg_entypo-fontello' ><svg version=\"1.1\" xmlns=\"http:\/\/www.w3.org\/2000\/svg\" width=\"31\" height=\"32\" viewBox=\"0 0 31 32\" preserveAspectRatio=\"xMidYMid meet\" aria-labelledby='av-svg-title-4' aria-describedby='av-svg-desc-4' role=\"graphics-symbol\">\n<title id='av-svg-title-4'>Video<\/title>\n<desc id='av-svg-desc-4'>Video<\/desc>\n<path d=\"M31.36 8h-3.2v3.2h3.2v3.2h-3.2v3.2h3.2v3.2h-3.2v3.2h3.2v1.92q0 0.512-0.384 0.896t-0.896 0.384h-28.8q-0.512 0-0.896-0.384t-0.384-0.896v-1.92h3.2v-3.2h-3.2v-3.2h3.2v-3.2h-3.2v-3.2h3.2v-3.2h-3.2v-1.92q0-0.576 0.384-0.928t0.896-0.352h28.8q0.512 0 0.896 0.352t0.384 0.928v1.92zM12.16 20.8l8-4.8-8-4.8v9.6z\"><\/path>\n<\/svg><\/div><h3 class='iconbox_content_title '  itemprop=\"headline\" >Interaktion mit externen Plattformen<\/h3><\/header><div class='iconbox_content_container '  itemprop=\"text\" ><p>YouTube Video Widget (Google Inc.)<\/p>\n<p>YouTube ist ein von Google Inc. betriebener Dienst zur Anzeige von Videoinhalten, der es dieser Anwendung erm\u00f6glicht, solche Inhalte in ihre Seiten zu integrieren. <\/p>\n<p>Erfasste pers\u00f6nliche Daten: Cookies und Nutzungsdaten.<\/p>\n<p>Ort der Verarbeitung: Vereinigte Staaten.<\/p>\n<p><a href=\"http:\/\/www.google.it\/intl\/it\/policies\/privacy\/\" target=\"_blank\" rel=\"noopener\">Datenschutzbestimmungen<\/a><\/p>\n<\/div><\/div><footer class=\"entry-footer\"><\/footer><\/article><\/div><\/div><\/div><\/div><!-- close content main div --><\/div><\/div><div id='after_section_1'  class='main_color av_default_container_wrap container_wrap fullsize'  ><div class='container av-section-cont-open' ><div class='template-page content  av-content-full alpha units'><div class='post-entry post-entry-type-page post-entry-2037'><div class='entry-content-wrapper clearfix'><div  class='hr av-a9bnp-dec4b24732cb9f9e0792da24eb803c92 hr-default  avia-builder-el-14  el_after_av_section  el_before_av_textblock  avia-builder-el-first '><span class='hr-inner '><span class=\"hr-inner-style\"><\/span><\/span><\/div><\/p>\n<section  class='av_textblock_section av-mg7zryvw-09d1d44816d806f8b3feb0dbf485010b '   itemscope=\"itemscope\" itemtype=\"https:\/\/schema.org\/CreativeWork\" ><div class='avia_textblock'  itemprop=\"text\" ><p><strong>Ricordati che puoi gestire le tue preferenze sui cookie attraverso il browser<\/strong><\/p>\n<p>Se non conosci il tipo e la versione di browser che stai utilizzando, clicca su \u201cAiuto\u201d nella finestra del browser in alto, da cui puoi accedere a tutte le informazioni necessarie.<\/p>\n<p>Se, invece, conosci il tuo browser clicca su quello che stai utilizzando per accedere alla pagina di gestione dei cookie.<\/p>\n<ul>\n<li><a href=\"http:\/\/windows.microsoft.com\/it-it\/windows-vista\/block-or-allow-cookies\" target=\"_blank\" rel=\"noopener\">Internet Explorer<\/a><\/li>\n<li><a href=\"https:\/\/support.google.com\/chrome\/answer\/95647?hl=it&amp;topic=14666&amp;ctx=topic\" target=\"_blank\" rel=\"noopener\">Google Chrome<\/a><\/li>\n<li><a href=\"https:\/\/support.mozilla.org\/it\/kb\/Attivare%20e%20disattivare%20i%20cookie\" target=\"_blank\" rel=\"noopener\">Mozilla Firefox<\/a><\/li>\n<li><a href=\"http:\/\/support.apple.com\/kb\/PH17191?viewlocale=it_IT\" target=\"_blank\" rel=\"noopener\">Safari<\/a><\/li>\n<li><a href=\"http:\/\/www.opera.com\/help\/tutorials\/security\/cookies\/\" target=\"_blank\" rel=\"noopener\">Opera<\/a><\/li>\n<\/ul>\n<p>Per ulteriori dettagli in merito alla procedura da seguire o per approfondimenti sul tema dei cookie l\u2019utente potr\u00e0 visitare il sito <a href=\"http:\/\/www.aboutcookies.org\/\" target=\"_blank\" rel=\"noopener\">www.aboutcookies.org.<\/a><\/p>\n<\/div><\/section>\n<section  class='av_textblock_section av-mghtm61z-21895de1b2048493d4b348a29cecf2c2 '   itemscope=\"itemscope\" itemtype=\"https:\/\/schema.org\/CreativeWork\" ><div class='avia_textblock'  itemprop=\"text\" ><p>Zuletzt aktualisiert: Januar 2025<\/p>\n<\/div><\/section>\n","protected":false},"excerpt":{"rendered":"","protected":false},"author":1,"featured_media":0,"parent":0,"menu_order":0,"comment_status":"closed","ping_status":"closed","template":"","meta":{"footnotes":""},"class_list":["post-2037","page","type-page","status-publish","hentry"],"_links":{"self":[{"href":"https:\/\/www.fermitreviso.com\/de\/wp-json\/wp\/v2\/pages\/2037","targetHints":{"allow":["GET"]}}],"collection":[{"href":"https:\/\/www.fermitreviso.com\/de\/wp-json\/wp\/v2\/pages"}],"about":[{"href":"https:\/\/www.fermitreviso.com\/de\/wp-json\/wp\/v2\/types\/page"}],"author":[{"embeddable":true,"href":"https:\/\/www.fermitreviso.com\/de\/wp-json\/wp\/v2\/users\/1"}],"replies":[{"embeddable":true,"href":"https:\/\/www.fermitreviso.com\/de\/wp-json\/wp\/v2\/comments?post=2037"}],"version-history":[{"count":4,"href":"https:\/\/www.fermitreviso.com\/de\/wp-json\/wp\/v2\/pages\/2037\/revisions"}],"predecessor-version":[{"id":2049,"href":"https:\/\/www.fermitreviso.com\/de\/wp-json\/wp\/v2\/pages\/2037\/revisions\/2049"}],"wp:attachment":[{"href":"https:\/\/www.fermitreviso.com\/de\/wp-json\/wp\/v2\/media?parent=2037"}],"curies":[{"name":"wp","href":"https:\/\/api.w.org\/{rel}","templated":true}]}}