{"id":1994,"date":"2025-09-30T12:28:23","date_gmt":"2025-09-30T10:28:23","guid":{"rendered":"https:\/\/www.fermitreviso.com\/sr0002-stutze-fur-sattelauflieger\/"},"modified":"2025-11-20T12:53:27","modified_gmt":"2025-11-20T11:53:27","slug":"sr0002-sicherheitsstuetzen-fuer-sattelauflieger","status":"publish","type":"page","link":"https:\/\/www.fermitreviso.com\/de\/sr0002-sicherheitsstuetzen-fuer-sattelauflieger\/","title":{"rendered":"SR0002 &#8211; St\u00fctze f\u00fcr Sattelauflieger"},"content":{"rendered":"\n<style type=\"text\/css\" data-created_by=\"avia_inline_auto\" id=\"style-css-av-vra1k-54092eeae6d7172896bd151d86504a57\">\n#top .av-special-heading.av-vra1k-54092eeae6d7172896bd151d86504a57{\nmargin:0 0 0 0;\npadding-bottom:10px;\n}\nbody .av-special-heading.av-vra1k-54092eeae6d7172896bd151d86504a57 .av-special-heading-tag .heading-char{\nfont-size:25px;\n}\n#top #wrap_all .av-special-heading.av-vra1k-54092eeae6d7172896bd151d86504a57 .av-special-heading-tag{\npadding:0 0 0 0;\n}\n.av-special-heading.av-vra1k-54092eeae6d7172896bd151d86504a57 .av-subheading{\nfont-size:15px;\n}\n<\/style>\n<div  class='av-special-heading av-vra1k-54092eeae6d7172896bd151d86504a57 av-special-heading-h2 blockquote modern-quote  avia-builder-el-0  el_before_av_section  avia-builder-el-no-sibling  highlighted'><h2 class='av-special-heading-tag '  itemprop=\"headline\"  >SR0002 &#8211; Sicherheitsst\u00fctzen F\u00fcr Sattelauflieger<\/h2><div class=\"special-heading-border\"><div class=\"special-heading-inner-border\"><\/div><\/div><\/div>\n<\/div><\/div><\/div><!-- close content main div --><\/div><\/div><div id='av_section_1'  class='avia-section av-qet8u-e5e4e1cb9e5f6fef4c383f16f6c930b9 main_color avia-section-no-padding avia-no-border-styling  avia-builder-el-1  el_after_av_heading  el_before_av_section  avia-bg-style-scroll container_wrap fullsize'  ><div class='container av-section-cont-open' ><div class='template-page content  av-content-full alpha units'><div class='post-entry post-entry-type-page post-entry-1994'><div class='entry-content-wrapper clearfix'>\n\n<style type=\"text\/css\" data-created_by=\"avia_inline_auto\" id=\"style-css-av-9wkhy-53-9eae9842a622e0c1467a87f8adb3f069\">\n#top .flex_column.av-9wkhy-53-9eae9842a622e0c1467a87f8adb3f069{\nmargin-top:0px;\nmargin-bottom:70px;\n}\n.flex_column.av-9wkhy-53-9eae9842a622e0c1467a87f8adb3f069{\nborder-radius:3px 3px 3px 3px;\npadding:40px 40px 40px 40px;\n}\n.responsive #top #wrap_all .flex_column.av-9wkhy-53-9eae9842a622e0c1467a87f8adb3f069{\nmargin-top:0px;\nmargin-bottom:70px;\n}\n<\/style>\n<div  class='flex_column av-9wkhy-53-9eae9842a622e0c1467a87f8adb3f069 av_one_third  avia-builder-el-2  el_before_av_two_third  avia-builder-el-first  first flex_column_div av-animated-generic left-to-right  '     ><p><div  class='avia-slideshow av-mg58oynh-a47ada4ab2eee4bd9a9cea09e802c526 avia-slideshow-masonry av_slideshow avia-slide-slider  avia-builder-el-3  el_before_av_hr  avia-builder-el-first  av-slideshow-ui av-control-default av-nav-arrows-visible av-nav-dots-visible av-slideshow-autoplay av-loop-endless av-loop-manual-endless av-default-height-applied avia-slideshow-1' data-slideshow-options=\"{&quot;animation&quot;:&quot;slide&quot;,&quot;autoplay&quot;:true,&quot;loop_autoplay&quot;:&quot;endless&quot;,&quot;interval&quot;:5,&quot;loop_manual&quot;:&quot;manual-endless&quot;,&quot;autoplay_stopper&quot;:false,&quot;noNavigation&quot;:false,&quot;bg_slider&quot;:false,&quot;keep_padding&quot;:false,&quot;hoverpause&quot;:false,&quot;show_slide_delay&quot;:0}\"  itemprop=\"image\" itemscope=\"itemscope\" itemtype=\"https:\/\/schema.org\/ImageObject\" ><ul class='avia-slideshow-inner ' style='padding-bottom: 94.166666666667%;'><li  class='avia-slideshow-slide av-mg58oynh-a47ada4ab2eee4bd9a9cea09e802c526__0  slide-1 slide-odd'><div data-rel='slideshow-1' class='avia-slide-wrap '   ><img decoding=\"async\" fetchpriority=\"high\" class=\"wp-image-1997 avia-img-lazy-loading-not-1997\"  src=\"https:\/\/www.fermitreviso.com\/wp-content\/uploads\/2025\/09\/SR0002-DETAIL2-2.jpg\" width=\"600\" height=\"565\" title='SR0002-DETAIL2' alt=''  itemprop=\"thumbnailUrl\" srcset=\"https:\/\/www.fermitreviso.com\/wp-content\/uploads\/2025\/09\/SR0002-DETAIL2-2.jpg 600w, https:\/\/www.fermitreviso.com\/wp-content\/uploads\/2025\/09\/SR0002-DETAIL2-2-300x283.jpg 300w\" sizes=\"(max-width: 600px) 100vw, 600px\" \/><\/div><\/li><li  class='avia-slideshow-slide av-mg58oynh-a47ada4ab2eee4bd9a9cea09e802c526__1  slide-2 slide-even'><div data-rel='slideshow-1' class='avia-slide-wrap '   ><img decoding=\"async\" fetchpriority=\"high\" class=\"wp-image-1998 avia-img-lazy-loading-not-1998\"  src=\"https:\/\/www.fermitreviso.com\/wp-content\/uploads\/2025\/09\/SR0002-DETAIL1.jpg\" width=\"600\" height=\"565\" title='SR0002-DETAIL1' alt=''  itemprop=\"thumbnailUrl\" srcset=\"https:\/\/www.fermitreviso.com\/wp-content\/uploads\/2025\/09\/SR0002-DETAIL1.jpg 600w, https:\/\/www.fermitreviso.com\/wp-content\/uploads\/2025\/09\/SR0002-DETAIL1-300x283.jpg 300w\" sizes=\"(max-width: 600px) 100vw, 600px\" \/><\/div><\/li><li  class='avia-slideshow-slide av-mg58oynh-a47ada4ab2eee4bd9a9cea09e802c526__2  slide-3 slide-odd'><div data-rel='slideshow-1' class='avia-slide-wrap '   ><img decoding=\"async\" fetchpriority=\"high\" class=\"wp-image-1999 avia-img-lazy-loading-not-1999\"  src=\"https:\/\/www.fermitreviso.com\/wp-content\/uploads\/2025\/09\/SR0002-DETAIL3.jpg\" width=\"600\" height=\"565\" title='SR0002-DETAIL3' alt=''  itemprop=\"thumbnailUrl\" srcset=\"https:\/\/www.fermitreviso.com\/wp-content\/uploads\/2025\/09\/SR0002-DETAIL3.jpg 600w, https:\/\/www.fermitreviso.com\/wp-content\/uploads\/2025\/09\/SR0002-DETAIL3-300x283.jpg 300w\" sizes=\"(max-width: 600px) 100vw, 600px\" \/><\/div><\/li><\/ul><div class='avia-slideshow-arrows avia-slideshow-controls' ><a href='#prev' class='prev-slide  avia-svg-icon avia-font-svg_entypo-fontello' data-av_svg_icon='left-open-big' data-av_iconset='svg_entypo-fontello' tabindex='-1' title=\"Zur\u00fcck\"><svg version=\"1.1\" xmlns=\"http:\/\/www.w3.org\/2000\/svg\" width=\"15\" height=\"32\" viewBox=\"0 0 15 32\" preserveAspectRatio=\"xMidYMid meet\" aria-labelledby='av-svg-title-1' aria-describedby='av-svg-desc-1' role=\"graphics-symbol\" aria-hidden=\"true\">\n<title id='av-svg-title-1'>Zur\u00fcck<\/title>\n<desc id='av-svg-desc-1'>Zur\u00fcck<\/desc>\n<path d=\"M14.464 27.84q0.832 0.832 0 1.536-0.832 0.832-1.536 0l-12.544-12.608q-0.768-0.768 0-1.6l12.544-12.608q0.704-0.832 1.536 0 0.832 0.704 0 1.536l-11.456 11.904z\"><\/path>\n<\/svg><span class='avia_hidden_link_text'>Zur\u00fcck<\/span><\/a><a href='#next' class='next-slide  avia-svg-icon avia-font-svg_entypo-fontello' data-av_svg_icon='right-open-big' data-av_iconset='svg_entypo-fontello' tabindex='-1' title=\"Weiter\"><svg version=\"1.1\" xmlns=\"http:\/\/www.w3.org\/2000\/svg\" width=\"15\" height=\"32\" viewBox=\"0 0 15 32\" preserveAspectRatio=\"xMidYMid meet\" aria-labelledby='av-svg-title-2' aria-describedby='av-svg-desc-2' role=\"graphics-symbol\" aria-hidden=\"true\">\n<title id='av-svg-title-2'>Weiter<\/title>\n<desc id='av-svg-desc-2'>Weiter<\/desc>\n<path d=\"M0.416 27.84l11.456-11.84-11.456-11.904q-0.832-0.832 0-1.536 0.832-0.832 1.536 0l12.544 12.608q0.768 0.832 0 1.6l-12.544 12.608q-0.704 0.832-1.536 0-0.832-0.704 0-1.536z\"><\/path>\n<\/svg><span class='avia_hidden_link_text'>Weiter<\/span><\/a><\/div><div class='avia-slideshow-dots avia-slideshow-controls'><a href='#1' class='goto-slide active' >1<\/a><a href='#2' class='goto-slide ' >2<\/a><a href='#3' class='goto-slide ' >3<\/a><\/div><\/div><br \/>\n<div  class='hr av-2ahywi-741594adc6edc320d115965caf2fe80b hr-default  avia-builder-el-4  el_after_av_slideshow  el_before_av_buttonrow '><span class='hr-inner '><span class=\"hr-inner-style\"><\/span><\/span><\/div><br \/>\n<div  class='avia-buttonrow-wrap av-mg59z313-54818226c0be983b4d68e64ff1110f88 avia-buttonrow-center  avia-builder-el-5  el_after_av_hr  avia-builder-el-last '>\n\n<style type=\"text\/css\" data-created_by=\"avia_inline_auto\" id=\"style-css-av-mg59ys1q-81c609eee6d9a4a0ea5a2e12b0ff35c6\">\n#top #wrap_all .avia-button.av-mg59ys1q-81c609eee6d9a4a0ea5a2e12b0ff35c6{\nmargin-bottom:5px;\nmargin-right:3px;\nmargin-left:3px;\n}\n<\/style>\n<a href='https:\/\/www.fermitreviso.com\/wp-content\/uploads\/2025\/10\/SR0002-dati-tecnici.pdf'  class='avia-button av-mg59ys1q-81c609eee6d9a4a0ea5a2e12b0ff35c6 avia-icon_select-no avia-size-small avia-color-theme-color'  target=\"_blank\"  rel=\"noopener noreferrer\"  aria-label=\"TECHNISCHES DATENBLATT\"><span class='avia_iconbox_title' >TECHNISCHES DATENBLATT<\/span><\/a>\n\n<style type=\"text\/css\" data-created_by=\"avia_inline_auto\" id=\"style-css-av-mg59yy1o-d4951a69a276157df42c92887e6cded6\">\n#top #wrap_all .avia-button.av-mg59yy1o-d4951a69a276157df42c92887e6cded6{\nmargin-bottom:5px;\nmargin-right:3px;\nmargin-left:3px;\n}\n<\/style>\n<a href='https:\/\/www.fermitreviso.com\/de\/richiedi-manuale-scheda\/?prodotto=SR0002'  class='avia-button av-mg59yy1o-d4951a69a276157df42c92887e6cded6 avia-icon_select-no avia-size-small avia-color-theme-color'  target=\"_blank\"  rel=\"noopener noreferrer\"  aria-label=\"BENUTZERHANDBUCH\"><span class='avia_iconbox_title' >BENUTZERHANDBUCH<\/span><\/a>\n<\/div><\/p><\/div>\n<style type=\"text\/css\" data-created_by=\"avia_inline_auto\" id=\"style-css-av-9wkhy-50-f016dea02941a551ddcd063efde90c6a\">\n#top .flex_column.av-9wkhy-50-f016dea02941a551ddcd063efde90c6a{\nmargin-top:0px;\nmargin-bottom:70px;\n}\n.flex_column.av-9wkhy-50-f016dea02941a551ddcd063efde90c6a{\nborder-radius:3px 3px 3px 3px;\npadding:40px 40px 0 40px;\nbackground-color:#f7f7f7;\n}\n.responsive #top #wrap_all .flex_column.av-9wkhy-50-f016dea02941a551ddcd063efde90c6a{\nmargin-top:0px;\nmargin-bottom:70px;\n}\n<\/style>\n<div  class='flex_column av-9wkhy-50-f016dea02941a551ddcd063efde90c6a av_two_third  avia-builder-el-6  el_after_av_one_third  avia-builder-el-last  flex_column_div av-animated-generic left-to-right  '     ><p>\n<style type=\"text\/css\" data-created_by=\"avia_inline_auto\" id=\"style-css-av-mg5a7q5l-3f0bbf425e77257ca9c30c41f54d162e\">\n#top .av-special-heading.av-mg5a7q5l-3f0bbf425e77257ca9c30c41f54d162e{\npadding-bottom:10px;\n}\nbody .av-special-heading.av-mg5a7q5l-3f0bbf425e77257ca9c30c41f54d162e .av-special-heading-tag .heading-char{\nfont-size:25px;\n}\n.av-special-heading.av-mg5a7q5l-3f0bbf425e77257ca9c30c41f54d162e .av-subheading{\nfont-size:15px;\n}\n<\/style>\n<div  class='av-special-heading av-mg5a7q5l-3f0bbf425e77257ca9c30c41f54d162e av-special-heading-h3 blockquote modern-quote  avia-builder-el-7  el_before_av_textblock  avia-builder-el-first '><h3 class='av-special-heading-tag '  itemprop=\"headline\"  >DETAILS<\/h3><div class=\"special-heading-border\"><div class=\"special-heading-inner-border\"><\/div><\/div><\/div><br \/>\n<section  class='av_textblock_section av-jgrx3l5f-ff414163e41fde878d9a7a9392a91bca '   itemscope=\"itemscope\" itemtype=\"https:\/\/schema.org\/CreativeWork\" ><div class='avia_textblock'  itemprop=\"text\" ><p>Im Hinblick auf den Gesundheitsschutz am Arbeitsplatz wurde die Sattelaufliegerst\u00fctze <strong>SR0002<\/strong> entwickelt, um den Sattelauflieger bei Abwesenheit einer Zugmaschine w\u00e4hrend des Be-\/Entladens mit einem Gabelstapler abzust\u00fctzen.<\/p>\n<p>Konzipiert f\u00fcr Be- und Entladevorg\u00e4nge, auch optimal zum Parken.<br \/>\nKann bis zu 30 Tonnen transportieren.<\/p>\n<p>Praktisch und wendig mit einer breiten Basis f\u00fcr Arbeiten auch unter kritischen Bedingungen: besch\u00e4digte Aufz\u00fcge, Tanks mit Fl\u00fcssigkeits-\/Staubbelastung von oben, schwere Lasten auf der Waage.<br \/>\nEr ist komplett mit R\u00e4dern zum Bewegen ausgestattet. Verhindert das Kippen des Aufliegers nach vorne\/hinten. Ausgestattet mit einem schnellen und kurzen Hub zur Freigabe, wenn der Auflieger voll ist.<\/p>\n<\/div><\/section><br \/>\n\n<style type=\"text\/css\" data-created_by=\"avia_inline_auto\" id=\"style-css-av-mg5a87q7-c04a90397d0fdc70df70b07502d9f37a\">\n.avia-image-container.av-mg5a87q7-c04a90397d0fdc70df70b07502d9f37a img.avia_image{\nbox-shadow:none;\n}\n.avia-image-container.av-mg5a87q7-c04a90397d0fdc70df70b07502d9f37a .av-image-caption-overlay-center{\ncolor:#ffffff;\n}\n<\/style>\n<div  class='avia-image-container av-mg5a87q7-c04a90397d0fdc70df70b07502d9f37a av-styling- avia-align-center  avia-builder-el-9  el_after_av_textblock  el_before_av_heading '   itemprop=\"image\" itemscope=\"itemscope\" itemtype=\"https:\/\/schema.org\/ImageObject\" ><div class=\"avia-image-container-inner\"><div class=\"avia-image-overlay-wrap\"><img decoding=\"async\" fetchpriority=\"high\" class='wp-image-2003 avia-img-lazy-loading-not-2003 avia_image ' src=\"https:\/\/www.fermitreviso.com\/wp-content\/uploads\/2025\/10\/sr0002-p2-2-1030x314-1.png\" alt='' title='sr0002-p2-2-1030x314'  height=\"314\" width=\"1030\"  itemprop=\"thumbnailUrl\" srcset=\"https:\/\/www.fermitreviso.com\/wp-content\/uploads\/2025\/10\/sr0002-p2-2-1030x314-1.png 1030w, https:\/\/www.fermitreviso.com\/wp-content\/uploads\/2025\/10\/sr0002-p2-2-1030x314-1-300x91.png 300w, https:\/\/www.fermitreviso.com\/wp-content\/uploads\/2025\/10\/sr0002-p2-2-1030x314-1-768x234.png 768w, https:\/\/www.fermitreviso.com\/wp-content\/uploads\/2025\/10\/sr0002-p2-2-1030x314-1-705x215.png 705w\" sizes=\"(max-width: 1030px) 100vw, 1030px\" \/><\/div><\/div><\/div><br \/>\n\n<style type=\"text\/css\" data-created_by=\"avia_inline_auto\" id=\"style-css-av-7ij4a-17a5ccc25cda9b9509ff1a6a5702ac6b\">\n#top .av-special-heading.av-7ij4a-17a5ccc25cda9b9509ff1a6a5702ac6b{\npadding-bottom:10px;\n}\nbody .av-special-heading.av-7ij4a-17a5ccc25cda9b9509ff1a6a5702ac6b .av-special-heading-tag .heading-char{\nfont-size:25px;\n}\n.av-special-heading.av-7ij4a-17a5ccc25cda9b9509ff1a6a5702ac6b .av-subheading{\nfont-size:15px;\n}\n<\/style>\n<div  class='av-special-heading av-7ij4a-17a5ccc25cda9b9509ff1a6a5702ac6b av-special-heading-h3 blockquote modern-quote  avia-builder-el-10  el_after_av_image  el_before_av_table '><h3 class='av-special-heading-tag '  itemprop=\"headline\"  >TECHNISCHES DATENBLATT<\/h3><div class=\"special-heading-border\"><div class=\"special-heading-inner-border\"><\/div><\/div><\/div><br \/>\n<div class='avia-data-table-wrap av-1sl7he-7cef552135663fce0e18e575e4cd9ea9 avia_responsive_table avia-table-1'><table  class='avia-table avia-data-table avia_pricing_default  avia-builder-el-11  el_after_av_heading  el_before_av_textblock '  itemscope=\"itemscope\" itemtype=\"https:\/\/schema.org\/Table\" ><tbody><tr class=''><td class=''>STATISCHE BELASTUNG<\/td><td class='avia-center-col'>30 t<\/td><\/tr><tr class=''><td class=''>GEWICHT<\/td><td class='avia-center-col'>115 kg<\/td><\/tr><tr class=''><td class=''>BERICHT<\/td><td class='avia-center-col'>2 Geschwindigkeiten, schnelle und reduzierte Geschwindigkeit, ohne Leerlauf<\/td><\/tr><tr class='avia-heading-row'><th class=''>MANUELLE KRAFT<\/th><th class='avia-center-col'><\/th><\/tr><tr class=''><td class=''>bis zu 12 t hebbare Last<\/td><td class='avia-center-col'>16 kg<\/td><\/tr><tr class=''><td class=''>bis zu 16 t hebbare Last\t<\/td><td class='avia-center-col'>22 kg<\/td><\/tr><tr class=''><td class=''>bis zu 20 t hebbare Last\t<\/td><td class='avia-center-col'>28 kg<\/td><\/tr><tr class='avia-heading-row'><th class=''>HUBGESCHWINDIGKEIT<\/th><th class='avia-center-col'><\/th><\/tr><tr class=''><td class=''>reduzierter Hub<\/td><td class='avia-center-col'>1 mm Kurbelumdrehung<\/td><\/tr><tr class=''><td class=''>Schnelllauf<\/td><td class='avia-center-col'>11 mm Kurbelumdrehung<\/td><\/tr><\/tbody><\/table><\/div><br \/>\n<section  class='av_textblock_section av-mg5amvr6-861e538cf037031a037cae341588f1e7 '   itemscope=\"itemscope\" itemtype=\"https:\/\/schema.org\/CreativeWork\" ><div class='avia_textblock'  itemprop=\"text\" ><blockquote style=\"color:black;\">\n<p>PRODUKT GEM\u00c4SS DER RICHTLINIE 2006\/42\/EG Anhang II Teil 1 Abschnitt A und deren \u00c4nderungen<\/p>\n<\/blockquote>\n<\/div><\/section><\/p><\/div>\n\n<\/div><\/div><\/div><!-- close content main div --><\/div><\/div>\n<style type=\"text\/css\" data-created_by=\"avia_inline_auto\" id=\"style-css-av-mg58whlk-300dcb8bef2e6634c2d03aa4c7ac7f93\">\n.avia-section.av-mg58whlk-300dcb8bef2e6634c2d03aa4c7ac7f93{\nbackground-color:#e02b20;\nbackground-image:unset;\n}\n<\/style>\n<div id='av_section_2'  class='avia-section av-mg58whlk-300dcb8bef2e6634c2d03aa4c7ac7f93 main_color avia-section-default avia-no-border-styling  avia-builder-el-13  el_after_av_section  avia-builder-el-last  avia-bg-style-scroll container_wrap fullsize'  ><div class='container av-section-cont-open' ><div class='template-page content  av-content-full alpha units'><div class='post-entry post-entry-type-page post-entry-1994'><div class='entry-content-wrapper clearfix'>\n<div id='av-masonry-1' class='av-masonry av-mg590tug-3898bd882d9d9d51f232ee9c125bc1cb noHover av-fixed-size av-large-gap av-hover-overlay-active av-masonry-animation-active av-masonry-col-4 av-caption-always av-caption-style- av-masonry-gallery ' data-post_id=\"1994\"><div class=\"av-masonry-container isotope av-js-disabled\"><div class='av-masonry-entry isotope-item av-masonry-item-no-image '><\/div><a href=\"https:\/\/www.fermitreviso.com\/wp-content\/uploads\/2025\/10\/SR0002-C-1030x776.jpg\" data-srcset=\"https:\/\/www.fermitreviso.com\/wp-content\/uploads\/2025\/10\/SR0002-C-1030x776.jpg 1030w, https:\/\/www.fermitreviso.com\/wp-content\/uploads\/2025\/10\/SR0002-C-300x226.jpg 300w, https:\/\/www.fermitreviso.com\/wp-content\/uploads\/2025\/10\/SR0002-C-768x578.jpg 768w, https:\/\/www.fermitreviso.com\/wp-content\/uploads\/2025\/10\/SR0002-C-1536x1157.jpg 1536w, https:\/\/www.fermitreviso.com\/wp-content\/uploads\/2025\/10\/SR0002-C-1500x1129.jpg 1500w, https:\/\/www.fermitreviso.com\/wp-content\/uploads\/2025\/10\/SR0002-C-705x531.jpg 705w, https:\/\/www.fermitreviso.com\/wp-content\/uploads\/2025\/10\/SR0002-C.jpg 2040w\" data-sizes=\"(max-width: 1030px) 100vw, 1030px\"  aria-label=\"Bild SR0002 C\"  id='av-masonry-1-item-2000' data-av-masonry-item='2000' class='av-masonry-entry isotope-item post-2000 attachment type-attachment status-inherit hentry  av-masonry-item-with-image' title=\"SR0002 C\" alt=\"\"    itemprop=\"thumbnailUrl\" ><div class='av-inner-masonry-sizer'><\/div><figure class='av-inner-masonry main_color'><div class=\"av-masonry-outerimage-container\"><div class='av-masonry-image-container' style=\"background-image: url(https:\/\/www.fermitreviso.com\/wp-content\/uploads\/2025\/10\/SR0002-C-705x531.jpg);\"  title=\"SR0002 C\" ><\/div><\/div><\/figure><\/a><!--end av-masonry entry--><a href=\"https:\/\/www.fermitreviso.com\/wp-content\/uploads\/2025\/10\/SR0002-D.jpg\" data-srcset=\"https:\/\/www.fermitreviso.com\/wp-content\/uploads\/2025\/10\/SR0002-D.jpg 499w, https:\/\/www.fermitreviso.com\/wp-content\/uploads\/2025\/10\/SR0002-D-171x300.jpg 171w, https:\/\/www.fermitreviso.com\/wp-content\/uploads\/2025\/10\/SR0002-D-402x705.jpg 402w\" data-sizes=\"(max-width: 499px) 100vw, 499px\"  aria-label=\"Bild SR0002 D\"  id='av-masonry-1-item-2001' data-av-masonry-item='2001' class='av-masonry-entry isotope-item post-2001 attachment type-attachment status-inherit hentry  av-masonry-item-with-image' title=\"SR0002 D\" alt=\"\"    itemprop=\"thumbnailUrl\" ><div class='av-inner-masonry-sizer'><\/div><figure class='av-inner-masonry main_color'><div class=\"av-masonry-outerimage-container\"><div class='av-masonry-image-container' style=\"background-image: url(https:\/\/www.fermitreviso.com\/wp-content\/uploads\/2025\/10\/SR0002-D-402x705.jpg);\"  title=\"SR0002 D\" ><\/div><\/div><\/figure><\/a><!--end av-masonry entry--><a href=\"https:\/\/www.fermitreviso.com\/wp-content\/uploads\/2025\/10\/SR0002-E-1030x773.jpg\" data-srcset=\"https:\/\/www.fermitreviso.com\/wp-content\/uploads\/2025\/10\/SR0002-E-1030x773.jpg 1030w, https:\/\/www.fermitreviso.com\/wp-content\/uploads\/2025\/10\/SR0002-E-300x225.jpg 300w, https:\/\/www.fermitreviso.com\/wp-content\/uploads\/2025\/10\/SR0002-E-768x576.jpg 768w, https:\/\/www.fermitreviso.com\/wp-content\/uploads\/2025\/10\/SR0002-E-1536x1152.jpg 1536w, https:\/\/www.fermitreviso.com\/wp-content\/uploads\/2025\/10\/SR0002-E-2048x1536.jpg 2048w, https:\/\/www.fermitreviso.com\/wp-content\/uploads\/2025\/10\/SR0002-E-1500x1125.jpg 1500w, https:\/\/www.fermitreviso.com\/wp-content\/uploads\/2025\/10\/SR0002-E-705x529.jpg 705w\" data-sizes=\"(max-width: 1030px) 100vw, 1030px\"  aria-label=\"Bild SR0002-E\"  id='av-masonry-1-item-2002' data-av-masonry-item='2002' class='av-masonry-entry isotope-item post-2002 attachment type-attachment status-inherit hentry  av-masonry-item-with-image' title=\"SR0002-E\" alt=\"\"    itemprop=\"thumbnailUrl\" ><div class='av-inner-masonry-sizer'><\/div><figure class='av-inner-masonry main_color'><div class=\"av-masonry-outerimage-container\"><div class='av-masonry-image-container' style=\"background-image: url(https:\/\/www.fermitreviso.com\/wp-content\/uploads\/2025\/10\/SR0002-E-705x529.jpg);\"  title=\"SR0002-E\" ><\/div><\/div><\/figure><\/a><!--end av-masonry entry--><\/div><\/div>\n\n","protected":false},"excerpt":{"rendered":"","protected":false},"author":1,"featured_media":1995,"parent":0,"menu_order":0,"comment_status":"closed","ping_status":"closed","template":"","meta":{"footnotes":""},"class_list":["post-1994","page","type-page","status-publish","has-post-thumbnail","hentry"],"_links":{"self":[{"href":"https:\/\/www.fermitreviso.com\/de\/wp-json\/wp\/v2\/pages\/1994","targetHints":{"allow":["GET"]}}],"collection":[{"href":"https:\/\/www.fermitreviso.com\/de\/wp-json\/wp\/v2\/pages"}],"about":[{"href":"https:\/\/www.fermitreviso.com\/de\/wp-json\/wp\/v2\/types\/page"}],"author":[{"embeddable":true,"href":"https:\/\/www.fermitreviso.com\/de\/wp-json\/wp\/v2\/users\/1"}],"replies":[{"embeddable":true,"href":"https:\/\/www.fermitreviso.com\/de\/wp-json\/wp\/v2\/comments?post=1994"}],"version-history":[{"count":12,"href":"https:\/\/www.fermitreviso.com\/de\/wp-json\/wp\/v2\/pages\/1994\/revisions"}],"predecessor-version":[{"id":2268,"href":"https:\/\/www.fermitreviso.com\/de\/wp-json\/wp\/v2\/pages\/1994\/revisions\/2268"}],"wp:featuredmedia":[{"embeddable":true,"href":"https:\/\/www.fermitreviso.com\/de\/wp-json\/wp\/v2\/media\/1995"}],"wp:attachment":[{"href":"https:\/\/www.fermitreviso.com\/de\/wp-json\/wp\/v2\/media?parent=1994"}],"curies":[{"name":"wp","href":"https:\/\/api.w.org\/{rel}","templated":true}]}}